{"id":1126,"date":"2016-08-09T14:09:25","date_gmt":"2016-08-09T17:09:25","guid":{"rendered":"https:\/\/iate.oac.uncor.edu\/?page_id=1126"},"modified":"2025-08-07T14:08:03","modified_gmt":"2025-08-07T17:08:03","slug":"catalogos","status":"publish","type":"page","link":"https:\/\/iate.oac.uncor.edu\/en\/academicas-2\/alcance-publico\/catalogos\/","title":{"rendered":"Catalogues"},"content":{"rendered":"<p>&nbsp;<\/p>\n<table>\n<tbody>\n<tr>\n<td>\n<h3 style=\"text-align: justify;\"><span style=\"font-size: 12pt; color: #808080; font-family: arial,helvetica,sans-serif;\"><span class=\"\" lang=\"es\">Synthetic Catalogs of Galaxies with Evolution (gravitational and properties)<\/span><\/span><\/h3>\n<p style=\"text-align: justify;\"><span style=\"font-size: 10pt;\"><a href=\"https:\/\/ui.adsabs.harvard.edu\/abs\/2020MNRAS.492.2588D)\">Diaz-Gimenez+20<\/a><br \/>\n7 galaxy lightcones are  presented, built from different semi-analytic galaxy formation models run on top of the Millennium I, Millennium II and MultiDark simulations. Underlying galaxies from Millennium I and Multidark have stellar masses up to 10^9 M sun and from Millennium II up to 10^8. These synthetic catalogues are all-sky surveys (4 pi) with an apparent magnitude limit that mimics the SDSS observational catalogue (r=17.77).\u00a0<\/span><span style=\"font-size: 10pt;\">These catalogues are all-sky surveys with an apparent magnitude limit that mimics the SDSS observational catalogue (r=17.77).<br \/>\n<\/span><\/p>\n<p style=\"text-align: justify;\"><span style=\"font-size: 10pt;\">Download <a href=\"https:\/\/dataverse.harvard.edu\/dataset.xhtml?persistentId=doi:10.7910\/DVN\/WGOPCO\">here<\/a>.<br \/>\n<\/span><\/p>\n<\/td>\n<\/tr>\n<tr>\n<td>\n<h3 style=\"text-align: justify;\"><span style=\"font-size: 12pt; color: #808080; font-family: arial,helvetica,sans-serif;\"><span class=\"\" lang=\"es\">VVV Near-Infrared Galaxy Catalogue (VVV NIRGC)<\/span><\/span><\/h3>\n<p style=\"text-align: justify;\"><span style=\"font-size: 10pt;\">Knowledge about large-scale distribution of galaxies is far from complete in the Zone of Avoidance, mainly due to high interstellar extinction and source confusion at lower galactic latitudes. Previous near infrared (NIR) surveys, such as the Two Micron All Sky Survey (2MASS), have shown great potential for probing large-scale structure at these latitudes. The aim is to map the galaxy distribution across the Southern Galactic plane using the VISTA Variables in the VVV, which is 2 to 4 magnitudes deeper than 2MASS. SExtractor+PSFEx was used to identify extended objects and to measure their sizes, concentration index, magnitudes, and colours. Morphological and colour constraints and visual inspection were used to confirm galaxies. We introduce the VVV NIRGC catalogue of 5,563 visually confirmed galaxies of which 45 were previously known. This is the largest galaxy catalogue within the galactic plane, with 99% of galaxies being new discoveries. It was found that galaxy density distribution closely resembled distribution of low interstellar extinction of existing NIR maps. Moreover, a description is presented of the 185 2MASS extended sources observed in the region, of which 16% of these had no previous description, and now have been classified. To conclude, interstellar extinction and stellar density are the main limitations for the detection of background galaxies in the Zone of Avoidance. The VVV NIRGC is a new dataset providing information for extragalactic studies in the galactic plane. <\/span><\/p>\n<p style=\"text-align: justify;\"><span style=\"font-size: 10pt;\">Download <a href=\"https:\/\/catalogs.iate.conicet.unc.edu.ar\/vvv_nirgc\/\">here<\/a>.<br \/>\n<\/span><\/p>\n<\/td>\n<\/tr>\n<tr>\n<td>\n<h3 style=\"text-align: justify;\"><span style=\"font-size: 12pt; color: #808080; font-family: arial,helvetica,sans-serif;\"><span class=\"\" lang=\"es\">SDSS DR12 Galaxy Group Catalogues<\/span><\/span><\/h3>\n<p style=\"text-align: justify;\"><span style=\"font-size: 10pt;\"><a href=\"https:\/\/arxiv.org\/abs\/2003.09442\">Rodriguez &amp; Merchan+20<\/a><br \/>\nWe present two catalogues of groups identified in the Sloan Digital Sky Survey Data Release 12 (SDSS DR12) and their respective galaxy catalogues. To build these catalogues, groups were defined as gravitationally bounded galaxy systems with at least one bright galaxy (with an absolute magnitude &lt;-19.5 in the r band). In the FOF_mod catalogues, data that corresponds to the FOF identification is presented. In FINAL catalogues, there are galaxies and groups of galaxies resulting from the complete process of combining the FOF method with a halo-based algorithm. Both group catalogues contain group information which was obtained dynamically and by performing a method of abundance matching in brightness. Details about these calculations are presented in the corresponding publication.<br \/>\n<\/span><\/p>\n<p><span style=\"font-size: 10pt;\">Download <a href=\"https:\/\/catalogs.iate.conicet.unc.edu.ar\/fofandhalo\">Here<\/a><\/span><\/td>\n<\/tr>\n<tr>\n<td>\n<h3 style=\"text-align: justify;\"><span style=\"font-size: 12pt; color: #808080; font-family: arial,helvetica,sans-serif;\"><span class=\"\" lang=\"es\">Seyfert Galaxy Catalog<\/span><\/span><\/h3>\n<p style=\"text-align: justify;\"><span style=\"font-size: 10pt;\"><a href=\"https:\/\/ui.adsabs.harvard.edu\/abs\/2018A%26A...615A..13S\/abstract\">Schmidt+18<\/a><br \/>\nThere are 28 narrow line Seyfert 1 (NLS1) galaxies covering the spectral range from 4300\u00c5 to 5200\u00c5 and spectra of 6 NLS1 galaxies in the spectral range 5800\u00c5-6800\u00c5. Data was taken using CASLEO 2.15m telescope and using  600-line\/mm grating giving a resolution of 170 km and 190 km FWHM around H\u03b1 and H\u03b2, respectively.<span id=\"m_-6368532549631640496gmail-result_box\" class=\"m_-6368532549631640496gmail-\" lang=\"es\">\u00c5 to 5200\u00c5 and spectra of 6 NLS1 galaxies in the spectral range 5800\u00c5-6800\u00c5. Data were taken using the CASLEO 2.15m.<\/span>\u00a0telescope and using the 600-line\/mm grating giving a resolution of 170km\/s and 190km\/s FWHM around <span id=\"m_-6368532549631640496gmail-result_box\" class=\"m_-6368532549631640496gmail-\" lang=\"es\">H\u03b1 and H\u03b2, respectively.<\/span><\/span><\/p>\n<\/td>\n<\/tr>\n<tr>\n<td>\n<h3 style=\"text-align: justify;\"><span style=\"font-size: 12pt; color: #808080; font-family: arial,helvetica,sans-serif;\"><span class=\"\" lang=\"es\">Compact groups in SDSS DR12<\/span><\/span><\/h3>\n<p style=\"text-align: justify;\"><span style=\"font-size: 10pt;\"><a href=\"https:\/\/adsabs.harvard.edu\/abs\/2018A%26A...618A.157D\">D\u00edaz-Gim\u00e9nez+18<\/a><br \/>\nA catalogue of compact groups identified on the SDSS DR12 is provided. Compact Groups were identified in redshift space with a modified Hickson-like algorithm. The catalogue comprises 462 compact groups of which 406 clearly fulfil all the compact group requirements: compactness, isolation and velocity concordance of all of their members. The remaining 56 groups need further redshift information of potentially contaminating sources.<\/span><\/p>\n<p style=\"text-align: justify; font-size: 10pt;\">Download <a href=\"https:\/\/cdsarc.u-strasbg.fr\/viz-bin\/cat\/J\/A+A\/618\/A157\" target=\"_blank\" rel=\"noopener noreferrer\" data-saferedirecturl=\"https:\/\/www.google.com\/url?q=https:\/\/cdsarc.u-strasbg.fr\/viz-bin\/cat\/J\/A%2BA\/618\/A157&amp;source=gmail&amp;ust=1541528767473000&amp;usg=AFQjCNFHLa_N6hpgA0La6io_mqiq-68JUQ\">Here<\/a><\/p>\n<\/td>\n<\/tr>\n<tr>\n<td>\n<h3><span style=\"font-size: 12pt; color: #808080; font-family: arial,helvetica,sans-serif;\"><span id=\"result_box\" class=\"\" lang=\"es\">Extended Objects in the VVV Survey (VISTA Variables in the Milky Way)<\/span><\/span><\/h3>\n<p style=\"text-align: justify;\"><span style=\"font-size: 10pt;\"><a href=\"https:\/\/adsabs.harvard.edu\/abs\/2018AJ....155...46B\">Baravalle+18 2018AJ&#8230;.155&#8230;46B<\/a><br \/>\nWe present a catalogue of 574 candidates for extragalactic sources detected in the VVV survey, which are obscured by the presence of our Galaxy. In this paper, we describe the photometric procedure developed to find and characterize extragalactic objects using a combination of SExtractor and PSFEx in two Tiles of the VVV survey.\nAll candidates were visually inspected, increasing the probability that they are confirmed galaxies. In general, these objects are small and more circular, due to the near-infrared sensitivity to select more compact and brighter superficial objects. <em>VISTA Variables in the V\u00eda L\u00e1ctea<\/em> (VVV) que est\u00e1n oscurecidas por la presencia de nuestra Galaxia. En este trabajo se describe el procedimiento fotom\u00e9trico desarrollado para encontrar y caracterizar objetos extragal\u00e1cticos usando una combinaci\u00f3n de SExtractor y PSFEx en dos Tiles del relevamiento VVV. Todos los candidatos fueron inspeccionados visualmente, lo cual aumenta la probabilidad de que sean galaxias confirmadas. En general, estos objetos son peque\u00f1os y m\u00e1s circulares, debido a la sensibilidad del infrarrojo cercano para seleccionar objetos m\u00e1s compactos de mayor brillo superficial.<\/span> <span lang=\"es\"><br \/>\n<\/span><\/p>\n<\/td>\n<\/tr>\n<tr>\n<td>\n<h3><span style=\"font-size: 12pt; color: #808080; font-family: arial,helvetica,sans-serif;\"><span id=\"result_box\" class=\"\" lang=\"es\">Spectral nuclear properties of NLS1 galaxies<\/span><\/span><\/h3>\n<p><span style=\"font-size: 10pt;\"><a href=\"https:\/\/adsabs.harvard.edu\/abs\/2016A%26A...596A..95S\">Schmidt+16 2016A&amp;A&#8230;596A..95S<\/a><br \/>\nWe present the optical spectra of 36 <span id=\"m_-6368532549631640496gmail-result_box\" class=\"m_-6368532549631640496gmail-\" lang=\"es\"><span class=\"m_-6368532549631640496gmail-\">of Narrow Line Seyfert 1 galaxies from the V\u00e9ron &amp; V\u00e9ron catalogue (V\u00e9ron \u2013 Cetty &amp; V\u00e9ron 2010) with z &lt; 0.15, brighter than b&lt; 18 and with \u03b4 \u2264 10\u00b0. Data was taken using CASLEO 2.15 m. telescope, with a 600 lines\/mm grating giving a resolution of 170 km FWHM around H\u03b1. The observations are in the range of 5800\u00c5 a 6800\u00c5. <\/span><\/span><span id=\"m_-6368532549631640496gmail-result_box\" class=\"m_-6368532549631640496gmail-\" lang=\"es\"><span class=\"m_-6368532549631640496gmail-\">Spectra were taken at CASLEO 2.15 m. telescope,<\/span> with a 600 lines\/mm grating giving a resolution of 170 km\/s FWHM around H\u03b1. The observations are in the range of 5800\u00c5 a 6800\u00c5.<\/span><span lang=\"es\"><br \/>\n<\/span><span lang=\"es\"><a href=\"https:\/\/vizier.cfa.harvard.edu\/viz-bin\/VizieR?-source=J\/A+A\/596\/A95\">Download<\/a>.<span id=\"result_box\" class=\"\" lang=\"es\"><\/span><\/span><\/span><\/td>\n<\/tr>\n<tr>\n<td>\n<h3><span style=\"font-size: 12pt; color: #808080; font-family: arial,helvetica,sans-serif;\">Galaxy groups in the 2M++<\/span><\/h3>\n<p style=\"text-align: justify;\"><span style=\"font-size: 10pt;\"><a href=\"https:\/\/adsabs.harvard.edu\/abs\/2015A%26A...578A..61D\">D\u00edaz-Gimenez E., Zandivarez A. 2015A&amp;A&#8230;578A..61D<\/a><br \/>\nD\u00edaz-Gimenez+15 <span lang=\"es\">present a sample of 813 galaxy groups identified in the 2M++ catalogue is provided. Groups were identified in redshift space with a Friends-of-Friends algorithm with overdensity contour contrast of 433 (present value of the overdenstity contrast contour for virialized structures in a cosmology Lambda CDM - WMAP1). Groups have virial masses larger than 10\u00b9\u00b2 Msun and 4 or more members.  The 4869 member galaxies have observer frame apparent magnitude in the K_2M++ brighter than 12.5<br \/>\nDownload <span id=\"result_box\" class=\"\" lang=\"es\"><span class=\"\"><a href=\"https:\/\/vizier.u-strasbg.fr\/viz-bin\/VizieR?-source=J%2FA%2BA%2F578%2FA61\">D\u00edaz-Gimenez+15<\/a>.<\/span><\/span><\/span><\/span><\/p>\n<\/td>\n<\/tr>\n<tr>\n<td>\n<h3><span style=\"font-size: 14pt; color: #808080; font-family: arial,helvetica,sans-serif;\"><span style=\"font-size: 12pt;\">2MASX Compact Groups Catalogue<\/span><br \/>\n<\/span><\/h3>\n<p style=\"text-align: justify;\"><span style=\"font-size: 10pt;\"><a href=\"https:\/\/adsabs.harvard.edu\/abs\/2012MNRAS.426..296D\">D\u00edaz-Gimenez+12 2012MNRAS.426..296D<\/a><br \/>\nA sample of 85 compact groups with spectroscopic information for all of their member galaxies is extracted from the  Two-Micron All Sky Survey extended source catalogue (2MASX). The automatic searching algorithm follows the original criteria defined by Hickson. This v2MCG sample of velocity-filtered CGs constitutes the largest sample of CGs (with N\u22654) catalogued to date, with both well-defined selection criteria and velocity filtering, and is the first CG sample selected by stellar mass. It is fairly complete up to Kgroup\u223c9 and radial velocity of \u223c6000km\/s.<br \/>\nDownload <span id=\"result_box\" class=\"\" lang=\"es\"><span class=\"\"><a href=\"https:\/\/vizier.u-strasbg.fr\/viz-bin\/VizieR?-source=J%2FMNRAS%2F426%2F296\">D\u00edaz-Gimenez+12<\/a>.<\/span><\/span><\/span><\/p>\n<\/td>\n<\/tr>\n<tr>\n<td>\n<h3><span style=\"font-size: 14pt; color: #808080; font-family: arial,helvetica,sans-serif;\"><span style=\"font-size: 12pt;\">Galaxy Clusters in SDSS<\/span><br \/>\n<\/span><\/h3>\n<p><span style=\"font-size: 10pt;\"><a href=\"https:\/\/adsabs.harvard.edu\/abs\/2009A%26A...504..347C\">Coenda+2009. 2009A&amp;A&#8230;504..347C<\/a><br \/>\nCoenda + 2009 built two subsamples of galaxy clusters with more than 10 members based on two catalogs: ROSAT-SDSS galaxy cluster survey de (Popesso + <a href=\"https:\/\/vizier.cfa.harvard.edu\/viz-bin\/VizieR?-source=J\/A%2BA\/423\/449\">J\/A+A\/423\/449<\/a>)<span class=\"\" lang=\"es\"><span class=\"\">\u00a0 and  MaxBCG catalogue of<\/span><\/span>(Koester+ <a href=\"https:\/\/vizier.cfa.harvard.edu\/viz-bin\/VizieR?-source=J\/ApJ\/660\/239\">J\/ApJ\/660\/239<\/a>).  The two sub-samples of clusters of galaxies   was based on a volume limited\nsample of galaxies drawn from the spectroscopic DR5 SDSS.<\/span><br \/>\n<span style=\"font-size: 10pt;\"> Download <span id=\"result_box\" class=\"\" lang=\"es\"><span class=\"\"><a href=\"https:\/\/vizier.cfa.harvard.edu\/viz-bin\/VizieR?-source=J%2FA%2BA%2F504%2F347\">Coenda+2009<\/a>.<\/span><\/span><\/span><\/p>\n<h3><span style=\"font-size: 12pt; color: #808080; font-family: arial,helvetica,sans-serif;\">Galaxy Clusters in SDSS II<\/span><\/h3>\n<p><a href=\"https:\/\/adsabs.harvard.edu\/abs\/2014A%26A...564A..85M\"><span style=\"font-size: 10pt;\">Muriel+2014. 2014A&amp;A&#8230;564A..85M<\/span><\/a><br \/>\n<span style=\"font-size: 10pt;\"> Expanded sample of the sample presented in <a href=\"https:\/\/adsabs.harvard.edu\/abs\/2009A%26A...504..347C\">Coenda+2009<\/a>, based on the NORAS galaxy cluster survey catalog. I. (Bohringer +, 2000). Similarly, a cluster sample with more than 10 members was built, using a volume limited sample of galaxies drawn from the spectroscopic DR7 SDSS.<\/span><br \/>\n<span style=\"font-size: 10pt;\"> Download <a href=\"https:\/\/vizier.cfa.harvard.edu\/viz-bin\/VizieR?-source=J%2FA%2BA%2F564%2FA85\">Muriel<span id=\"result_box\" class=\"\" lang=\"es\"><span class=\"\">+2014.<\/span><\/span><\/a><\/span><\/td>\n<\/tr>\n<\/tbody>\n<\/table>\n<p>&nbsp;<\/p>\n<p>&nbsp;<\/p>","protected":false},"excerpt":{"rendered":"<p>&nbsp; Cat\u00e1logos Sint\u00e9ticos de Galaxias con Evoluci\u00f3n (gravitatoria y propiedades) Diaz-Gimenez+20 Se presentan 7 lightcones de galaxias construidos a partir de diferentes modelos semianal\u00edticos de formaci\u00f3n de galaxias corridos sobre las simulaciones Millennium I, Millennium II y Multidark. Las galaxias subyacentes provenientes de Millennium I y Multidark son completas en&hellip;<\/p>","protected":false},"author":1,"featured_media":0,"parent":901,"menu_order":2,"comment_status":"closed","ping_status":"closed","template":"","meta":{"footnotes":""},"class_list":["post-1126","page","type-page","status-publish","hentry"],"_links":{"self":[{"href":"https:\/\/iate.oac.uncor.edu\/en\/wp-json\/wp\/v2\/pages\/1126","targetHints":{"allow":["GET"]}}],"collection":[{"href":"https:\/\/iate.oac.uncor.edu\/en\/wp-json\/wp\/v2\/pages"}],"about":[{"href":"https:\/\/iate.oac.uncor.edu\/en\/wp-json\/wp\/v2\/types\/page"}],"author":[{"embeddable":true,"href":"https:\/\/iate.oac.uncor.edu\/en\/wp-json\/wp\/v2\/users\/1"}],"replies":[{"embeddable":true,"href":"https:\/\/iate.oac.uncor.edu\/en\/wp-json\/wp\/v2\/comments?post=1126"}],"version-history":[{"count":0,"href":"https:\/\/iate.oac.uncor.edu\/en\/wp-json\/wp\/v2\/pages\/1126\/revisions"}],"up":[{"embeddable":true,"href":"https:\/\/iate.oac.uncor.edu\/en\/wp-json\/wp\/v2\/pages\/901"}],"wp:attachment":[{"href":"https:\/\/iate.oac.uncor.edu\/en\/wp-json\/wp\/v2\/media?parent=1126"}],"curies":[{"name":"wp","href":"https:\/\/api.w.org\/{rel}","templated":true}]}}