{"id":123,"date":"2015-07-08T16:11:59","date_gmt":"2015-07-08T19:11:59","guid":{"rendered":"http:\/\/localhost\/wordpress\/?page_id=123"},"modified":"2026-02-03T14:10:03","modified_gmt":"2026-02-03T17:10:03","slug":"inicio-2","status":"publish","type":"page","link":"https:\/\/iate.oac.uncor.edu\/en\/","title":{"rendered":"Welcome to IATE"},"content":{"rendered":"<div id=\"metaslider-id-4886\" style=\"width: 100%; margin: 0 auto;\" class=\"ml-slider-3-102-0 metaslider metaslider-flex metaslider-4886 ml-slider has-dots-nav ms-theme-default\" role=\"region\" aria-label=\"Nueva presentaci\u00f3n de diapositivas\" data-height=\"300\" data-width=\"700\">\n    <div id=\"metaslider_container_4886\">\n        <div id=\"metaslider_4886\">\n            <ul aria-live='off' class='slides'>\n                <li style=\"display: block; width: 100%;\" class=\"slide-4887 ms-image\" aria-roledescription=\"slide\" data-date=\"2025-10-27 16:59:07\" data-slide-type=\"image\"><img loading=\"lazy\" decoding=\"async\" src=\"https:\/\/iate.oac.uncor.edu\/wp-content\/uploads\/2025\/06\/pag-IATE_back-300x98-1-228x98.png\" height=\"300\" width=\"700\" alt=\"\" class=\"slider-4886 slide-4887 msDefaultImage\" title=\"pag-IATE_back-300x98-1\" \/><div class=\"caption-wrap\"><div class=\"caption\"><div> <h2 class=\"wp-block-heading\"><span style=\"color:rgb(236,240,241);\">Details of the evolution of \"backsplash\" galaxies unravelled<\/span><\/h2> <h5>\u00a0<\/h5> <h5><span style=\"color:rgb(236,240,241);\"><strong>A study led by a team from the Institute for Theoretical and Experimental Astronomy (IATE), using computer simulations, explains the transformation of galaxies that enter and leave a cluster.<\/strong><\/span><\/h5> <\/div><\/div><\/div><\/li>\n                <li style=\"display: none; width: 100%;\" class=\"slide-4888 ms-image\" aria-roledescription=\"slide\" data-date=\"2025-10-27 17:02:50\" data-slide-type=\"image\"><img loading=\"lazy\" decoding=\"async\" src=\"https:\/\/iate.oac.uncor.edu\/wp-content\/uploads\/2025\/01\/pag-IATE-700x300.png\" height=\"300\" width=\"700\" alt=\"Desentra\u00f1ando la Estructura de los Jets en el Universo El importante avance publicado en la revista The Astrophysical Journal Letters fue logrado por un equipo internacional liderado por Adriana Rodr\u00edguez-Kamenetzky del Instituto de Astronom\u00eda Te\u00f3rica y Experimental (IATE, Argentina) e integrado por colegas de M\u00e9xico, Espa\u00f1a e\" class=\"slider-4886 slide-4888 msDefaultImage\" title=\"Desentra\u00f1ando la Estructura de los Jets en el Universo El importante avance publicado en la revista The Astrophysical Journal Letters fue logrado por un equipo internacional liderado por Adriana Rodr\u00edguez-Kamenetzky del Instituto de Astronom\u00eda Te\u00f3rica y Experimental (IATE, Argentina) e integrado por colegas de M\u00e9xico, Espa\u00f1a e\" \/><div class=\"caption-wrap\"><div class=\"caption\"><h2><span style=\"color:rgb(236,240,241);\">Unravelling the Structure of Jets in the Universe<\/span><\/h2> <h5><span style=\"color:rgb(236,240,241);\">El importante avance publicado en la revista The Astrophysical Journal Letters fue logrado por un equipo internacional liderado por Adriana Rodr\u00edguez-Kamenetzky del Instituto de Astronom\u00eda Te\u00f3rica y Experimental (IATE, Argentina) e integrado por colegas de M\u00e9xico, Espa\u00f1a e India.<\/span><\/h5><\/div><\/div><\/li>\n                <li style=\"display: none; width: 100%;\" class=\"slide-4889 ms-image\" aria-roledescription=\"slide\" data-date=\"2025-10-27 17:04:57\" data-slide-type=\"image\"><img loading=\"lazy\" decoding=\"async\" src=\"https:\/\/iate.oac.uncor.edu\/wp-content\/uploads\/2025\/06\/rubin_gal-700x300.png\" height=\"300\" width=\"700\" alt=\"\" class=\"slider-4886 slide-4889 msDefaultImage\" title=\"rubin_gal\" \/><div class=\"caption-wrap\"><div class=\"caption\"><h2><strong><span style=\"color:rgb(236,240,241);\">IATE brings Argentina into the new era of astronomy with Rubin telescope<\/span><\/strong><\/h2><\/div><\/div><\/li>\n            <\/ul>\n        <\/div>\n        \n    <\/div>\n<\/div>\n\r\n\r\n\r\n<p>&nbsp;<\/p>\r\n\r\n\r\n<h2 class=\"wp-block-post-title\">Welcome to IATE<\/h2>\r\n<p style=\"text-align: justify;\"><span style=\"font-size: 12pt;\">The Instituto <a href=\"https:\/\/iate.oac.uncor.edu\/wp-content\/uploads\/2015\/07\/vitraux_h90-1.png\"><img loading=\"lazy\" decoding=\"async\" class=\"wp-image-80 size-full alignleft\" src=\"https:\/\/iate.oac.uncor.edu\/wp-content\/uploads\/2015\/07\/vitraux_h90-1.png\" width=\"123\" height=\"85\" \/><\/a>de Astronom\u00eda T\u00e9orica y Experimental (The Institute of Theoretical and Experimental Astronomy, IATE), is a scientific research institute jointly run by the <a href=\"https:\/\/www.conicet.gov.ar\/\">Consejo Nacional de Investigaciones Cient\u00edficas y T\u00e9cnicas<\/a> (CONICET) and the<a href=\"https:\/\/unc.edu.ar\/\"> Universidad Nacional de C\u00f3rdoba<\/a> (UNC). Its headquarters are located at the <a href=\"https:\/\/oac.unc.edu.ar\/\">Observatorio Astron\u00f3mico de C\u00f3rdoba.<\/a>. The institute\u2019s staff conduct astrophysical research from both observational and theoretical perspectives, studying objects on scales ranging from those within our Solar System to the largest structures in the Universe.<\/span><\/p>\r\n<p style=\"text-align: justify;\"><span style=\"font-size: 12pt;\">IATE\u2019s members include researchers, doctoral students, postdoctoral fellows, and support staff. They are actively involved in developing human resources at both the undergraduate and postgraduate levels.<\/span><\/p>\r\n<p style=\"text-align: justify;\"><span style=\"font-size: 12pt;\">The institute is also recognised for its work in site characterisation for the installation of major astronomical facilities in Argentina, as well as for a range of outreach activities aimed at engaging society with astronomical research.<\/span><\/p>\r\n<hr \/>\r\n<p style=\"text-align: justify;\"><h2 class=\"display-posts-title\">Press Releases<\/h2>\n<div class=\"display-posts-listing\"><div class=\"listing-item\"><a class=\"image\" href=\"https:\/\/iate.oac.uncor.edu\/en\/2026\/02\/02\/dgl-fest-una-reunion-internacional-homenajeo-la-trayectoria-del-astronomo-diego-garcia-lambas-en-cordoba\/\"><img loading=\"lazy\" decoding=\"async\" width=\"100\" height=\"100\" src=\"https:\/\/iate.oac.uncor.edu\/wp-content\/uploads\/2026\/02\/FOTO_DGL_2025-e1770057488457-100x100.jpeg\" class=\"attachment-thumbnail size-thumbnail wp-post-image\" alt=\"\" \/><\/a> <a class=\"title\" href=\"https:\/\/iate.oac.uncor.edu\/en\/2026\/02\/02\/dgl-fest-una-reunion-internacional-homenajeo-la-trayectoria-del-astronomo-diego-garcia-lambas-en-cordoba\/\">\u201cDGL Fest\u201d: an international meeting honored the career of astronomer Diego Garc\u00eda Lambas in C\u00f3rdoba<\/a> <span class=\"excerpt-dash\">-<\/span> <span class=\"excerpt\">Entre el 9 y el 12 de diciembre de 2025, la ciudad de C\u00f3rdoba fue el escenario de la reuni\u00f3n cient\u00edfica internacional\u00a0&#8220;From Decoupling to Galaxies and the Large-scale structure (DGL Fest)&#8221;, un encuentro organizado en honor a la destacada carrera de Diego Garc\u00eda Lambas. El evento, organizado por el\u00a0Instituto de&hellip;<\/span><\/div><div class=\"listing-item\"><a class=\"image\" href=\"https:\/\/iate.oac.uncor.edu\/en\/2026\/02\/02\/iv-workshop-on-the-halo-galaxy-connection-reunio-a-la-comunidad-astronomica-internacional-en-cordoba\/\"><img loading=\"lazy\" decoding=\"async\" width=\"100\" height=\"100\" src=\"https:\/\/iate.oac.uncor.edu\/wp-content\/uploads\/2026\/02\/DSC_0069-web-1-e1770048362789-100x100.jpg\" class=\"attachment-thumbnail size-thumbnail wp-post-image\" alt=\"\" \/><\/a> <a class=\"title\" href=\"https:\/\/iate.oac.uncor.edu\/en\/2026\/02\/02\/iv-workshop-on-the-halo-galaxy-connection-reunio-a-la-comunidad-astronomica-internacional-en-cordoba\/\">The IV Workshop on the Halo-Galaxy Connection brought together the international astronomical community in C\u00f3rdoba<\/a> <span class=\"excerpt-dash\">-<\/span> <span class=\"excerpt\">Entre el 3 y el 5 de diciembre de 2025, se llev\u00f3 a cabo con \u00e9xito en la\u00a0Facultad de Matem\u00e1tica, Astronom\u00eda, F\u00edsica y Computaci\u00f3n (FaMAF) \u2013 UNC\u00a0el\u00a0IV Workshop on the Halo-Galaxy Connection, organizado por el\u00a0Instituto de Astronom\u00eda Te\u00f3rica y Experimental (IATE, CONICET-UNC)\u00a0y con el\u00a0aval del Observatorio Astron\u00f3mico de C\u00f3rdoba (OAC,&hellip;<\/span><\/div><div class=\"listing-item\"><a class=\"image\" href=\"https:\/\/iate.oac.uncor.edu\/en\/2025\/11\/25\/facundo-rodriguez-recibe-el-premio-estimulo-ancefn-2025\/\"><img loading=\"lazy\" decoding=\"async\" width=\"100\" height=\"67\" src=\"https:\/\/iate.oac.uncor.edu\/wp-content\/uploads\/2025\/11\/LJG_4355-2.jpg\" class=\"attachment-thumbnail size-thumbnail wp-post-image\" alt=\"\" srcset=\"https:\/\/iate.oac.uncor.edu\/wp-content\/uploads\/2025\/11\/LJG_4355-2.jpg 8256w, https:\/\/iate.oac.uncor.edu\/wp-content\/uploads\/2025\/11\/LJG_4355-2-300x200.jpg 300w, https:\/\/iate.oac.uncor.edu\/wp-content\/uploads\/2025\/11\/LJG_4355-2-1024x683.jpg 1024w\" sizes=\"auto, (max-width: 100px) 100vw, 100px\" \/><\/a> <a class=\"title\" href=\"https:\/\/iate.oac.uncor.edu\/en\/2025\/11\/25\/facundo-rodriguez-recibe-el-premio-estimulo-ancefn-2025\/\">FACUNDO RODR\u00cdGUEZ RECEIVES THE ANCEFN PREMIO EST\u00cdMULO 2025<\/a> <span class=\"excerpt-dash\">-<\/span> <span class=\"excerpt\">El Instituto de Astronom\u00eda Te\u00f3rica y Experimental se complace en anunciar que el Dr. Facundo Rodr\u00edguez, investigador del CONICET vinculado al IATE, fue distinguido con uno de los Premios Est\u00edmulo otorgados por la Academia Nacional de Ciencias Exactas, F\u00edsicas y Naturales (ANCEFN) en la edici\u00f3n 2025. La ceremonia se llev\u00f3&hellip;<\/span><\/div><div class=\"listing-item\"><a class=\"image\" href=\"https:\/\/iate.oac.uncor.edu\/en\/2025\/08\/03\/explorando-lo-inexplorado-el-iate-descubre-decenas-de-miles-de-galaxias-detras-de-la-via-lactea-destacando-la-labor-de-m-v-alonso\/\"><img loading=\"lazy\" decoding=\"async\" width=\"100\" height=\"100\" src=\"https:\/\/iate.oac.uncor.edu\/wp-content\/uploads\/2025\/08\/Untitled-design-1-e1754256706487-100x100.png\" class=\"attachment-thumbnail size-thumbnail wp-post-image\" alt=\"\" \/><\/a> <a class=\"title\" href=\"https:\/\/iate.oac.uncor.edu\/en\/2025\/08\/03\/explorando-lo-inexplorado-el-iate-descubre-decenas-de-miles-de-galaxias-detras-de-la-via-lactea-destacando-la-labor-de-m-v-alonso\/\">Exploring the unexplored: the IATE discovers tens of thousands galaxies behind the Milky Way, highlighting Mar\u00eda Victoria Alonso\u2019s efforts<\/a> <span class=\"excerpt-dash\">-<\/span> <span class=\"excerpt\">Un equipo internacional liderado por la investigadora Mar\u00eda Victoria Alonso del Instituto de Astronom\u00eda Te\u00f3rica y Experimental (IATE-CONICET) y el Observatorio Astron\u00f3mico de C\u00f3rdoba (OAC &#8211; UNC) ha logrado un avance significativo en el estudio de una de las regiones m\u00e1s dif\u00edciles de observar del universo: la Zona de Exclusi\u00f3n&hellip;<\/span><\/div><div class=\"listing-item\"><a class=\"image\" href=\"https:\/\/iate.oac.uncor.edu\/en\/2025\/07\/15\/el-dr-nelson-padilla-recibe-el-prestigioso-premio-jose-luis-sersic-al-investigador-consolidado-2025\/\"><img loading=\"lazy\" decoding=\"async\" width=\"100\" height=\"100\" src=\"https:\/\/iate.oac.uncor.edu\/wp-content\/uploads\/2025\/07\/logo_large-e1752579849453-100x100.png\" class=\"attachment-thumbnail size-thumbnail wp-post-image\" alt=\"\" \/><\/a> <a class=\"title\" href=\"https:\/\/iate.oac.uncor.edu\/en\/2025\/07\/15\/el-dr-nelson-padilla-recibe-el-prestigioso-premio-jose-luis-sersic-al-investigador-consolidado-2025\/\">Dr. Nelson Padilla Receives Prestigious Jos\u00e9 Luis S\u00e9rsic Award for Senior Researcher 2025<\/a> <span class=\"excerpt-dash\">-<\/span> <span class=\"excerpt\">El Dr. Nelson Padilla, actual director del Instituto de Astronom\u00eda Te\u00f3rica y Experimental (IATE), ha sido galardonado con el Premio Jos\u00e9 Luis S\u00e9rsic al Investigador Consolidado 2025 por la Asociaci\u00f3n Argentina de Astronom\u00eda. &nbsp; Este reconocimiento no solo celebra su carrera, sino que tambi\u00e9n es un motivo de orgullo especial&hellip;<\/span><\/div><div class=\"listing-item\"><a class=\"image\" href=\"https:\/\/iate.oac.uncor.edu\/en\/2025\/07\/13\/nelson-padilla-director-del-iate-se-incorpora-a-la-academia-nacional-de-ciencias-exactas-fisicas-y-naturales-como-academico-correspondiente-nacional\/\"><img loading=\"lazy\" decoding=\"async\" width=\"100\" height=\"93\" src=\"https:\/\/iate.oac.uncor.edu\/wp-content\/uploads\/2025\/07\/logo-dark-e1752394263365-100x93.png\" class=\"attachment-thumbnail size-thumbnail wp-post-image\" alt=\"\" \/><\/a> <a class=\"title\" href=\"https:\/\/iate.oac.uncor.edu\/en\/2025\/07\/13\/nelson-padilla-director-del-iate-se-incorpora-a-la-academia-nacional-de-ciencias-exactas-fisicas-y-naturales-como-academico-correspondiente-nacional\/\">Nelson Padilla, IATE Director, Joins Academia Nacional de Ciencias Exactas, F\u00edsicas y Naturales as National Corresponding Member<\/a> <span class=\"excerpt-dash\">-<\/span> <span class=\"excerpt\">&nbsp; &nbsp; El Dr. Nelson Padilla, actual director del Instituto de Astronom\u00eda Te\u00f3rica y Experimental (IATE), se suma a la prestigiosa Academia Nacional de Ciencias Exactas, F\u00edsicas y Naturales como acad\u00e9mico correspondiente nacional. Esta incorporaci\u00f3n destaca su trayectoria y sus contribuciones en los estudios del universo. La noticia representa un&hellip;<\/span><\/div><div class=\"listing-item\"><a class=\"image\" href=\"https:\/\/iate.oac.uncor.edu\/en\/2025\/06\/25\/el-iate-lleva-a-argentina-a-la-nueva-era-de-la-astronomia-con-el-telescopio-rubin\/\"><img loading=\"lazy\" decoding=\"async\" width=\"100\" height=\"100\" src=\"https:\/\/iate.oac.uncor.edu\/wp-content\/uploads\/2025\/06\/rubin_logo-100x100.png\" class=\"attachment-thumbnail size-thumbnail wp-post-image\" alt=\"\" \/><\/a> <a class=\"title\" href=\"https:\/\/iate.oac.uncor.edu\/en\/2025\/06\/25\/el-iate-lleva-a-argentina-a-la-nueva-era-de-la-astronomia-con-el-telescopio-rubin\/\">IATE brings Argentina into the new era of astronomy with Rubin telescope<\/a> <span class=\"excerpt-dash\">-<\/span> <span class=\"excerpt\">A m\u00e1s de 2.600 metros de altura, en los cerros del norte de Chile, un nuevo ojo gigante acaba de abrirse al universo. Es el telescopio Vera C. Rubin, el m\u00e1s avanzado de su tipo. Recientemente capt\u00f3 sus primeras im\u00e1genes de prueba: una se\u00f1al clara de que una nueva era&hellip;<\/span><\/div><div class=\"listing-item\"><a class=\"image\" href=\"https:\/\/iate.oac.uncor.edu\/en\/2025\/01\/28\/desentranando-la-estructura-de-los-jets-en-el-universo\/\"><img loading=\"lazy\" decoding=\"async\" width=\"100\" height=\"100\" src=\"https:\/\/iate.oac.uncor.edu\/wp-content\/uploads\/2025\/01\/TextToImage_40_20250122-100x100.jpeg\" class=\"attachment-thumbnail size-thumbnail wp-post-image\" alt=\"\" srcset=\"https:\/\/iate.oac.uncor.edu\/wp-content\/uploads\/2025\/01\/TextToImage_40_20250122-100x100.jpeg 100w, https:\/\/iate.oac.uncor.edu\/wp-content\/uploads\/2025\/01\/TextToImage_40_20250122-300x300.jpeg 300w, https:\/\/iate.oac.uncor.edu\/wp-content\/uploads\/2025\/01\/TextToImage_40_20250122-12x12.jpeg 12w, https:\/\/iate.oac.uncor.edu\/wp-content\/uploads\/2025\/01\/TextToImage_40_20250122.jpeg 704w\" sizes=\"auto, (max-width: 100px) 100vw, 100px\" \/><\/a> <a class=\"title\" href=\"https:\/\/iate.oac.uncor.edu\/en\/2025\/01\/28\/desentranando-la-estructura-de-los-jets-en-el-universo\/\">Unravelling the Structure of Jets in the Universe<\/a> <span class=\"excerpt-dash\">-<\/span> <span class=\"excerpt\">El importante avance publicado en la revista The Astrophysical Journal Letters fue logrado por un equipo internacional liderado por Adriana Rodr\u00edguez-Kamenetzky del IATE e integrado por colegas de M\u00e9xico, Espa\u00f1a e India. &nbsp; Por Facundo Rodriguez facundo.rodriguez@unc.edu.ar &nbsp; En el universo, existen diversos tipos de objetos que emiten chorros de&hellip;<\/span><\/div><div class=\"listing-item\"><a class=\"image\" href=\"https:\/\/iate.oac.uncor.edu\/en\/2024\/12\/08\/achicando-la-brecha-entre-los-estudios-de-galaxias-y-la-estructura-del-universo\/\"><img loading=\"lazy\" decoding=\"async\" width=\"100\" height=\"100\" src=\"https:\/\/iate.oac.uncor.edu\/wp-content\/uploads\/2024\/12\/Banner-GAP-170-x-55-e1733674302303-100x100.png\" class=\"attachment-thumbnail size-thumbnail wp-post-image\" alt=\"\" \/><\/a> <a class=\"title\" href=\"https:\/\/iate.oac.uncor.edu\/en\/2024\/12\/08\/achicando-la-brecha-entre-los-estudios-de-galaxias-y-la-estructura-del-universo\/\">Bridging the gap between galaxy studies and the structure of the universe<\/a> <span class=\"excerpt-dash\">-<\/span> <span class=\"excerpt\">Del 2 al 6 de diciembre, la Plaza Cielo Tierra fue sede de una importante reuni\u00f3n cient\u00edfica organizada por el Instituto de Astronom\u00eda Te\u00f3rica y Experimental (IATE). &nbsp; El evento, titulado &#8220;Mind the Gap: Galaxies and Large-Scale Structure&#8221;, reuni\u00f3 a m\u00e1s de 50 especialistas de diversos pa\u00edses, quienes compartieron conocimientos&hellip;<\/span><\/div><div class=\"listing-item\"><a class=\"image\" href=\"https:\/\/iate.oac.uncor.edu\/en\/2024\/09\/26\/el-mapa-infrarrojo-mas-grande-de-nuestra-galaxia\/\"><img loading=\"lazy\" decoding=\"async\" width=\"100\" height=\"100\" src=\"https:\/\/iate.oac.uncor.edu\/wp-content\/uploads\/2024\/09\/VVV_03_FoamPrint_CloudClusters-scaled-e1727193833529-100x100.jpg\" class=\"attachment-thumbnail size-thumbnail wp-post-image\" alt=\"\" \/><\/a> <a class=\"title\" href=\"https:\/\/iate.oac.uncor.edu\/en\/2024\/09\/26\/el-mapa-infrarrojo-mas-grande-de-nuestra-galaxia\/\">The largest infrared map of our Galaxy<\/a> <span class=\"excerpt-dash\">-<\/span> <span class=\"excerpt\">&#8220;La V\u00eda L\u00e1ctea no es m\u00e1s que una masa de innumerables estrellas&#8221; dijo Galileo Galilei cuando observ\u00f3 nuestra Galaxia por primera vez con su telescopio. Cuatrocientos a\u00f1os despu\u00e9s, se complet\u00f3 el mapa infrarrojo m\u00e1s grande de la V\u00eda L\u00e1ctea, despu\u00e9s de m\u00e1s de 13 a\u00f1os de observaci\u00f3n de nuestra Galaxia&hellip;<\/span><\/div><\/div><\/p>\r\n<p style=\"text-align: justify;\">\u00a0<\/p>","protected":false},"excerpt":{"rendered":"<p>&nbsp; El Instituto de Astronom\u00eda T\u00e9orica y Experimental (IATE) es un instituto de investigaci\u00f3n cient\u00edfica dependiente del Consejo Nacional de Investigaciones Cient\u00edficas y T\u00e9cnicas (CONICET) y de la Universidad Nacional de C\u00f3rdoba (UNC). La sede del instituto se encuentra dentro del predio del Observatorio Astron\u00f3mico de C\u00f3rdoba. Sus miembros realizan&hellip;<\/p>","protected":false},"author":1,"featured_media":0,"parent":0,"menu_order":0,"comment_status":"closed","ping_status":"closed","template":"","meta":{"footnotes":""},"class_list":["post-123","page","type-page","status-publish","hentry"],"_links":{"self":[{"href":"https:\/\/iate.oac.uncor.edu\/en\/wp-json\/wp\/v2\/pages\/123","targetHints":{"allow":["GET"]}}],"collection":[{"href":"https:\/\/iate.oac.uncor.edu\/en\/wp-json\/wp\/v2\/pages"}],"about":[{"href":"https:\/\/iate.oac.uncor.edu\/en\/wp-json\/wp\/v2\/types\/page"}],"author":[{"embeddable":true,"href":"https:\/\/iate.oac.uncor.edu\/en\/wp-json\/wp\/v2\/users\/1"}],"replies":[{"embeddable":true,"href":"https:\/\/iate.oac.uncor.edu\/en\/wp-json\/wp\/v2\/comments?post=123"}],"version-history":[{"count":5,"href":"https:\/\/iate.oac.uncor.edu\/en\/wp-json\/wp\/v2\/pages\/123\/revisions"}],"predecessor-version":[{"id":5063,"href":"https:\/\/iate.oac.uncor.edu\/en\/wp-json\/wp\/v2\/pages\/123\/revisions\/5063"}],"wp:attachment":[{"href":"https:\/\/iate.oac.uncor.edu\/en\/wp-json\/wp\/v2\/media?parent=123"}],"curies":[{"name":"wp","href":"https:\/\/api.w.org\/{rel}","templated":true}]}}