{"id":21,"date":"2015-07-07T16:30:38","date_gmt":"2015-07-07T16:30:38","guid":{"rendered":"http:\/\/localhost\/wordpress\/?page_id=21"},"modified":"2026-01-30T10:15:14","modified_gmt":"2026-01-30T13:15:14","slug":"investigacion","status":"publish","type":"page","link":"https:\/\/iate.oac.uncor.edu\/en\/academicas-2\/investigacion\/","title":{"rendered":"Research Areas"},"content":{"rendered":"<p><!-- Contenedor general: fuente 12pt, interlineado 1.5, texto justificado --><\/p>\n<div style=\"font-size: 12pt; line-height: 1.5; text-align: justify;\">\n<p>The lines of research are:<\/p>\n<ul>\n<li><span style=\"font-size: 12pt;\"><a href=\"https:\/\/iate.oac.uncor.edu\/en\/academicas-2\/investigacion\/astronomia-galactica-y-extragalactica\/\">Galactic and Extragalactic Astronomy<\/a><\/span><\/li>\n<li><span style=\"font-size: 12pt;\"><a href=\"https:\/\/iate.oac.uncor.edu\/index.php\/investigacion\/estructura-en-gran-escala-del-universo\/\">Large Scale Structure of the Universe<\/a><\/span><\/li>\n<li><span style=\"font-size: 12pt;\"><a href=\"https:\/\/iate.oac.uncor.edu\/index.php\/investigacion\/plasmas-astrofisicos\/\">Astrophysical Plasmas<\/a><\/span><\/li>\n<li><span style=\"font-size: 12pt;\"><a href=\"https:\/\/iate.oac.uncor.edu\/en\/academicas-2\/investigacion\/sistemas-planetarios\/\">Planetary Systems<\/a><\/span><\/li>\n<li><span style=\"font-size: 12pt;\"><a href=\"https:\/\/iate.oac.uncor.edu\/en\/investigacion\/astrofisica-estelar\/\">Stellar Astrophysics<\/a>.<\/span><\/li>\n<li><span style=\"font-size: 12pt;\"><a href=\"https:\/\/iate.oac.uncor.edu\/en\/cam\/\">Instrumental Astronomy<\/a><\/span><\/li>\n<\/ul>\n<\/div>","protected":false},"excerpt":{"rendered":"<p>Las principales \u00e1reas de investigaci\u00f3n en IATE son: Astronom\u00eda Gal\u00e1ctica y Extragal\u00e1ctica Estructura en Gran Escala del Universo Plasmas Astrof\u00edsicos Sistemas Planetarios Astrof\u00edsica Estelar. Astronom\u00eda Instrumental<\/p>","protected":false},"author":1,"featured_media":0,"parent":52,"menu_order":0,"comment_status":"closed","ping_status":"open","template":"","meta":{"footnotes":""},"class_list":["post-21","page","type-page","status-publish","hentry"],"_links":{"self":[{"href":"https:\/\/iate.oac.uncor.edu\/en\/wp-json\/wp\/v2\/pages\/21","targetHints":{"allow":["GET"]}}],"collection":[{"href":"https:\/\/iate.oac.uncor.edu\/en\/wp-json\/wp\/v2\/pages"}],"about":[{"href":"https:\/\/iate.oac.uncor.edu\/en\/wp-json\/wp\/v2\/types\/page"}],"author":[{"embeddable":true,"href":"https:\/\/iate.oac.uncor.edu\/en\/wp-json\/wp\/v2\/users\/1"}],"replies":[{"embeddable":true,"href":"https:\/\/iate.oac.uncor.edu\/en\/wp-json\/wp\/v2\/comments?post=21"}],"version-history":[{"count":2,"href":"https:\/\/iate.oac.uncor.edu\/en\/wp-json\/wp\/v2\/pages\/21\/revisions"}],"predecessor-version":[{"id":5025,"href":"https:\/\/iate.oac.uncor.edu\/en\/wp-json\/wp\/v2\/pages\/21\/revisions\/5025"}],"up":[{"embeddable":true,"href":"https:\/\/iate.oac.uncor.edu\/en\/wp-json\/wp\/v2\/pages\/52"}],"wp:attachment":[{"href":"https:\/\/iate.oac.uncor.edu\/en\/wp-json\/wp\/v2\/media?parent=21"}],"curies":[{"name":"wp","href":"https:\/\/api.w.org\/{rel}","templated":true}]}}