{"id":2209,"date":"2019-09-04T15:44:41","date_gmt":"2019-09-04T18:44:41","guid":{"rendered":"https:\/\/iate.oac.uncor.edu\/?page_id=2209"},"modified":"2022-03-15T13:14:34","modified_gmt":"2022-03-15T16:14:34","slug":"cam","status":"publish","type":"page","link":"https:\/\/iate.oac.uncor.edu\/en\/cam\/","title":{"rendered":"CAM"},"content":{"rendered":"<p><a href=\"https:\/\/cam.unc.edu.ar\/\"> CAM<\/a><br \/>\n<!--\n\n\n<p style=\"text-align: justify;\"><span style=\"font-size: 10pt;\"><strong><img loading=\"lazy\" decoding=\"async\" class=\"alignleft wp-image-2204\" src=\"https:\/\/iate.oac.uncor.edu\/wp-content\/uploads\/2019\/09\/camlogofinal-1.jpg\" alt=\"\" width=\"250\" height=\"167\" \/><\/strong><\/span><\/p>\n\n\n\n\n<p style=\"text-align: justify;\"><span style=\"font-size: 12pt;\">El Centro Astron\u00f3mico Mac\u00f3n (<a href=\"https:\/\/cam.unc.edu.ar\/\">CAM<\/a>) es un proyecto del Instituto de Astronom\u00eda Te\u00f3rica y Experimental (IATE) y el Observatorio Astron\u00f3mico de C\u00f3rdoba (OAC), se encuentra en la Puna salte\u00f1a, a 4.650 metros sobre el nivel del mar. All\u00ed, cient\u00edficos del \u00a0IATE, y del OAC, estudiaron las condiciones y la calidad del cielo entre 2003 y 2009.<\/span><\/p>\n\n\n&nbsp;\n\n\n<p style=\"text-align: justify;\"><span style=\"font-size: 12pt;\"><img loading=\"lazy\" decoding=\"async\" class=\"size-full wp-image-2216 alignright\" src=\"https:\/\/iate.oac.uncor.edu\/wp-content\/uploads\/2019\/09\/DSCF38781-300x225.jpg\" alt=\"\" width=\"300\" height=\"225\" \/><\/span><\/p>\n\n\n<span style=\"font-size: 12pt;\">El Observatorio<\/span>\n\n\n<p style=\"text-align: justify;\"><span style=\"font-size: 12pt;\">Se est\u00e1 construyendo un observatorio astron\u00f3mico sobre el Cord\u00f3n Mac\u00f3n, a 10 Km de la localidad de Tolar Grande, Salta. La infraestructura del lugar permitir\u00e1 el desarrollo de diferentes proyectos observacionales:<\/span><\/p>\n\n\n\n\n\n<ul>\n \t\n\n<li style=\"text-align: justify;\"><span style=\"font-size: 12pt;\"><a href=\"https:\/\/cam.unc.edu.ar\/index.php\/abras\/\">ABRAS<\/a>: Es resultado de un convenio de cooperaci\u00f3n ente el IATE y el Instituto de Astronom\u00eda, Geodesia y Ciencias de la Atm\u00f3sfera (USP, Sao Paulo, Brasil). Consiste en la implementaci\u00f3n de un telescopio con un espejo de un metro de di\u00e1metro y un detector infrarrojo (en el infrarrojo cercano). Posibilitar\u00e1 tareas de investigaci\u00f3n en diferentes \u00e1reas, desde la astronom\u00eda planetaria hasta la astronom\u00eda extragal\u00e1ctica. Ser\u00e1 el telescopio terrestre de este tipo instalado a mayor altura en el mundo.<\/span><\/li>\n\n\n \t\n\n<li style=\"text-align: justify;\"><span style=\"font-size: 12pt;\"><a href=\"https:\/\/cam.unc.edu.ar\/index.php\/toros\/\">TOROS<\/a>: El proyecto TOROS propone un telescopio con un dise\u00f1o instrumental capaz de identificar estallidos de objetos del espacio intergal\u00e1ctico a miles de millones de a\u00f1os luz de distancia de la tierra. Esto se debe a que posee una c\u00e1mara CCD de gran campo de visi\u00f3n, que le permitir\u00eda \u201cfilmar\u201d el cielo, en b\u00fasqueda de m\u00ednimas variaciones en el brillo de las estrellas tanto de nuestra galaxia como de otras m\u00e1s lejanas.<\/span><\/li>\n\n\n \t\n\n<li style=\"text-align: justify;\"><span style=\"font-size: 12pt;\"><a href=\"https:\/\/cam.unc.edu.ar\/index.php\/ison\/\">ISON<\/a>: Apunta a detectar y seguir la trayectoria de asteroides u objetos elaborados por el hombre, que se encuentran pr\u00f3ximos a la atm\u00f3sfera de la Tierra. Para identificar esa basura espacial, se instalar\u00e1n varias c\u00fapulas peque\u00f1as en zonas aleda\u00f1as al edificio del ABRAS. Dentro de ellas se colocar\u00e1n telescopios especialmente dise\u00f1ados para esta tarea, ya que deben ser lo suficientemente veloces para seguir su recorrido.<\/span><\/li>\n\n\n<\/ul>\n\n\n--><\/p>","protected":false},"excerpt":{"rendered":"<p>CAM<\/p>","protected":false},"author":1,"featured_media":0,"parent":0,"menu_order":3,"comment_status":"closed","ping_status":"closed","template":"","meta":{"footnotes":""},"class_list":["post-2209","page","type-page","status-publish","hentry"],"_links":{"self":[{"href":"https:\/\/iate.oac.uncor.edu\/en\/wp-json\/wp\/v2\/pages\/2209","targetHints":{"allow":["GET"]}}],"collection":[{"href":"https:\/\/iate.oac.uncor.edu\/en\/wp-json\/wp\/v2\/pages"}],"about":[{"href":"https:\/\/iate.oac.uncor.edu\/en\/wp-json\/wp\/v2\/types\/page"}],"author":[{"embeddable":true,"href":"https:\/\/iate.oac.uncor.edu\/en\/wp-json\/wp\/v2\/users\/1"}],"replies":[{"embeddable":true,"href":"https:\/\/iate.oac.uncor.edu\/en\/wp-json\/wp\/v2\/comments?post=2209"}],"version-history":[{"count":0,"href":"https:\/\/iate.oac.uncor.edu\/en\/wp-json\/wp\/v2\/pages\/2209\/revisions"}],"wp:attachment":[{"href":"https:\/\/iate.oac.uncor.edu\/en\/wp-json\/wp\/v2\/media?parent=2209"}],"curies":[{"name":"wp","href":"https:\/\/api.w.org\/{rel}","templated":true}]}}