{"id":270,"date":"2016-03-15T15:37:35","date_gmt":"2016-03-15T18:37:35","guid":{"rendered":"http:\/\/localhost\/wordpress\/?page_id=270"},"modified":"2025-11-19T13:49:05","modified_gmt":"2025-11-19T16:49:05","slug":"friends-of-friends-meeting-fof","status":"publish","type":"page","link":"https:\/\/iate.oac.uncor.edu\/en\/institucional\/friends-of-friends-meeting-fof\/","title":{"rendered":"Friends of Friends Meeting (FOF)"},"content":{"rendered":"<p style=\"text-align: justify;\"><span style=\"font-size: 12pt;\">The <strong>FOF Meeting<\/strong> is a yearly international meeting that gathers researchers from several countries around the world with the purpose of foster interactions with local researchers and promote the creation of new collaboration networks.<\/span><\/p>\n<p style=\"text-align: justify;\"><span style=\"font-size: 12pt;\">The meeting is organized jointly by the Instituto de Astronom\u00eda Te\u00f3rica y Experimental (IATE) and the Observatorio Astron\u00f3mico de C\u00f3rdoba (OAC). The event encourage the strong participation of researchers and doctoral and postdoctoral students from the local community. The main topics are astrophysical plasmas, cosmology, large scale structure, extragalactic astronomy, stellar astrophysics and planetary systems. The official language of the meeting is English.<\/span><\/p>\n<p style=\"text-align: justify;\"><span style=\"font-size: 12pt;\">The main purpose of this meeting is to strengthen existing collaborations and to encourage the interaction between recognized researchers and students, postdocs and local researchers. Also, it aims at promoting the creation of new collaboration networks, exposing the works of local researchers in an international environment, updating the knowledge on the topics presented at the meeting and bringing new research topics and projects to students. The organization of all the activities are oriented to encourage the development of new initiatives with local and visiting participants.  Previous editions of this meeting have produced successful collaboration networks to generate observational and theoretical projects. <\/span><\/p>\n<p style=\"text-align: justify;\"><span style=\"font-size: 12pt;\">The organized activities of the FoF meeting generates a friendly environment which promotes interactions between researchers, and include plenary talks, contributed talks and posters, discussing groups and hand on sessions. Also, the introduction of new \u201cfriends\u201d to the collaboration networks allows the inclusion of new approaches, data sources or theoretical tools to ongoing projects.<\/span><\/p>\n<p style=\"text-align: justify;\"><span style=\"font-size: 12pt;\">The talks are oriented to a professional audience, and promotes the discussion of the state of the art of hot topics within the areas of expertise of the organizing institutions research departments and of the participants from other countries. Also, special sessions are organized in order to help students and young researchers to initiate on new subjects or to develop skills and use modern tools.<\/span><\/p>\n<p style=\"text-align: justify;\"><span style=\"font-size: 24pt;\">Pr\u00f3xima reuni\u00f3n <a href=\"http:\/\/fof.oac.uncor.edu\/\">FOF<\/a><\/span><\/p>\n<p><a href=\"http:\/\/fof.oac.uncor.edu\/2026\/\">P\u00e1gina de la Edici\u00f3n XV 2026.<\/a><\/p>\n<p><a href=\"http:\/\/fof.oac.uncor.edu\/2025\/\">P\u00e1gina de la Edici\u00f3n XIV 2025.<\/a><br \/>\n<a href=\"http:\/\/fof.oac.uncor.edu\/2024\/\">P\u00e1gina de la Edici\u00f3n XIII 2024.<\/a><br \/>\n<a href=\"http:\/\/fof.oac.uncor.edu\/2023\/\">P\u00e1gina de la Edici\u00f3n XII 2023.<\/a><\/p>\n<p><a href=\"http:\/\/fof.oac.uncor.edu\/2022\/\">P\u00e1gina de la Edici\u00f3n XI 2022.<\/a><br \/>\n<a href=\"http:\/\/fof.oac.uncor.edu\/2021\/\">P\u00e1gina de la Edici\u00f3n X 2021.<\/a><br \/>\n<a href=\"http:\/\/fof.oac.uncor.edu\/2020\/\">P\u00e1gina de la Edici\u00f3n (cancelado COVID) 2020.<\/a><\/p>\n<p><a href=\"http:\/\/fof.oac.uncor.edu\/2019\/\">P\u00e1gina de la Edici\u00f3n IX 2019.<\/a><br \/>\n<a href=\"http:\/\/fof.oac.uncor.edu\/2018\/\">P\u00e1gina de la Edici\u00f3n VIII 2018.<\/a><br \/>\n<a href=\"http:\/\/fof.oac.uncor.edu\/2017\/\">P\u00e1gina de la Edici\u00f3n VII 2017.<\/a><\/p>\n<p><a href=\"http:\/\/fof.oac.uncor.edu\/2016\/\">P\u00e1gina de la Edici\u00f3n VI 2016.<\/a><br \/>\n<a href=\"http:\/\/fof.oac.uncor.edu\/2015\/\">P\u00e1gina de la Edici\u00f3n V 2015.<\/a><br \/>\n<a href=\"http:\/\/fof.oac.uncor.edu\/2014\/\">P\u00e1gina de la Edici\u00f3n IV 2014.<\/a><\/p>\n<p><a href=\"http:\/\/fof.oac.uncor.edu\/2013\/\">P\u00e1gina de la Edici\u00f3n III 2013.<\/a><br \/>\n<a href=\"http:\/\/fof.oac.uncor.edu\/2012\/\">P\u00e1gina de la Edici\u00f3n II 2012.<\/a><br \/>\n<a href=\"http:\/\/fof.oac.uncor.edu\/2011\/\">P\u00e1gina de la Edici\u00f3n I 2011.<\/a><\/p>\n<figure id=\"attachment_2015\" aria-describedby=\"caption-attachment-2015\" style=\"width: 1024px\" class=\"wp-caption alignnone\"><img loading=\"lazy\" decoding=\"async\" class=\"wp-image-2015 size-full\" src=\"https:\/\/iate.oac.uncor.edu\/wp-content\/uploads\/2019\/04\/DSC_0745-1-1024x683.jpg\" alt=\"\" width=\"1024\" height=\"683\" \/><figcaption id=\"caption-attachment-2015\" class=\"wp-caption-text\">FOF 2019<\/figcaption><\/figure>","protected":false},"excerpt":{"rendered":"<p>El FOF Meeting es un encuentro internacional anual que re\u00fane a investigadores de varios pa\u00edses del mundo con el prop\u00f3sito de fomentar las interacciones con los investigadores locales y promover la creaci\u00f3n de nuevas redes de colaboraci\u00f3n. El encuentro est\u00e1 organizado conjuntamente por el Instituto de Astronom\u00eda Te\u00f3rica y Experimental&hellip;<\/p>","protected":false},"author":1,"featured_media":0,"parent":12,"menu_order":3,"comment_status":"closed","ping_status":"closed","template":"","meta":{"footnotes":""},"class_list":["post-270","page","type-page","status-publish","hentry"],"_links":{"self":[{"href":"https:\/\/iate.oac.uncor.edu\/en\/wp-json\/wp\/v2\/pages\/270","targetHints":{"allow":["GET"]}}],"collection":[{"href":"https:\/\/iate.oac.uncor.edu\/en\/wp-json\/wp\/v2\/pages"}],"about":[{"href":"https:\/\/iate.oac.uncor.edu\/en\/wp-json\/wp\/v2\/types\/page"}],"author":[{"embeddable":true,"href":"https:\/\/iate.oac.uncor.edu\/en\/wp-json\/wp\/v2\/users\/1"}],"replies":[{"embeddable":true,"href":"https:\/\/iate.oac.uncor.edu\/en\/wp-json\/wp\/v2\/comments?post=270"}],"version-history":[{"count":3,"href":"https:\/\/iate.oac.uncor.edu\/en\/wp-json\/wp\/v2\/pages\/270\/revisions"}],"predecessor-version":[{"id":4977,"href":"https:\/\/iate.oac.uncor.edu\/en\/wp-json\/wp\/v2\/pages\/270\/revisions\/4977"}],"up":[{"embeddable":true,"href":"https:\/\/iate.oac.uncor.edu\/en\/wp-json\/wp\/v2\/pages\/12"}],"wp:attachment":[{"href":"https:\/\/iate.oac.uncor.edu\/en\/wp-json\/wp\/v2\/media?parent=270"}],"curies":[{"name":"wp","href":"https:\/\/api.w.org\/{rel}","templated":true}]}}