{"id":3838,"date":"2022-09-20T10:17:47","date_gmt":"2022-09-20T13:17:47","guid":{"rendered":"https:\/\/iate.oac.uncor.edu\/?page_id=3838"},"modified":"2022-09-20T10:41:21","modified_gmt":"2022-09-20T13:41:21","slug":"oportunidades-de-trabajo","status":"publish","type":"page","link":"https:\/\/iate.oac.uncor.edu\/en\/novedades\/oportunidades-de-trabajo\/","title":{"rendered":"Job Opportunities"},"content":{"rendered":"<p class=\"western\" lang=\"es-ES-u-co-trad\" style=\"text-align: left;\" align=\"center\"><span style=\"font-family: DejaVu Sans, sans-serif;\"><span style=\"font-size: medium;\"><b>Profesional de Comunicaci\u00f3n Audiovisual y Difusi\u00f3n de Resultados Cient\u00edficos<\/b><\/span><\/span><\/p>\n<p lang=\"es-ES-u-co-trad\" style=\"text-align: left;\" align=\"center\"><img loading=\"lazy\" decoding=\"async\" class=\"alignnone size-medium wp-image-3841\" src=\"https:\/\/iate.oac.uncor.edu\/wp-content\/uploads\/2022\/09\/Aviso-diario-CPA-Profesional.Comun_.Audiovisual.Difusion-300x131.jpg\" alt=\"\" width=\"300\" height=\"131\" srcset=\"https:\/\/iate.oac.uncor.edu\/wp-content\/uploads\/2022\/09\/Aviso-diario-CPA-Profesional.Comun_.Audiovisual.Difusion-300x131.jpg 300w, https:\/\/iate.oac.uncor.edu\/wp-content\/uploads\/2022\/09\/Aviso-diario-CPA-Profesional.Comun_.Audiovisual.Difusion-18x8.jpg 18w, https:\/\/iate.oac.uncor.edu\/wp-content\/uploads\/2022\/09\/Aviso-diario-CPA-Profesional.Comun_.Audiovisual.Difusion.jpg 838w\" sizes=\"auto, (max-width: 300px) 100vw, 300px\" \/><\/p>\n<p lang=\"es-ES-u-co-trad\" style=\"text-align: left;\" align=\"center\">Bases:\u00a0<a href=\"https:\/\/convocatorias.conicet.gov.ar\/profesional-y-tecnico-de-apoyo\/\">https:\/\/convocatorias.conicet.gov.ar\/profesional-y-tecnico-de-apoyo\/<\/a><\/p>\n<p lang=\"es-ES-u-co-trad\" style=\"text-align: left;\" align=\"center\">Perfil convocatoria:\u00a0<a href=\"https:\/\/convocatorias.conicet.gov.ar\/wp-content\/uploads\/sites\/3\/2022-IATE-Prof.-comu.-audio.-y-dif.-rdos.-cientif..pdf\">https:\/\/convocatorias.conicet.gov.ar\/wp-content\/uploads\/sites\/3\/2022-IATE-Prof.-comu.-audio.-y-dif.-rdos.-cientif..pd<\/a><\/p>","protected":false},"excerpt":{"rendered":"<p>Profesional de Comunicaci\u00f3n Audiovisual y Difusi\u00f3n de Resultados Cient\u00edficos Bases:\u00a0https:\/\/convocatorias.conicet.gov.ar\/profesional-y-tecnico-de-apoyo\/ Perfil convocatoria:\u00a0https:\/\/convocatorias.conicet.gov.ar\/wp-content\/uploads\/sites\/3\/2022-IATE-Prof.-comu.-audio.-y-dif.-rdos.-cientif..pd<\/p>","protected":false},"author":3,"featured_media":3843,"parent":88,"menu_order":0,"comment_status":"closed","ping_status":"closed","template":"","meta":{"footnotes":""},"class_list":["post-3838","page","type-page","status-publish","has-post-thumbnail","hentry"],"_links":{"self":[{"href":"https:\/\/iate.oac.uncor.edu\/en\/wp-json\/wp\/v2\/pages\/3838","targetHints":{"allow":["GET"]}}],"collection":[{"href":"https:\/\/iate.oac.uncor.edu\/en\/wp-json\/wp\/v2\/pages"}],"about":[{"href":"https:\/\/iate.oac.uncor.edu\/en\/wp-json\/wp\/v2\/types\/page"}],"author":[{"embeddable":true,"href":"https:\/\/iate.oac.uncor.edu\/en\/wp-json\/wp\/v2\/users\/3"}],"replies":[{"embeddable":true,"href":"https:\/\/iate.oac.uncor.edu\/en\/wp-json\/wp\/v2\/comments?post=3838"}],"version-history":[{"count":0,"href":"https:\/\/iate.oac.uncor.edu\/en\/wp-json\/wp\/v2\/pages\/3838\/revisions"}],"up":[{"embeddable":true,"href":"https:\/\/iate.oac.uncor.edu\/en\/wp-json\/wp\/v2\/pages\/88"}],"wp:featuredmedia":[{"embeddable":true,"href":"https:\/\/iate.oac.uncor.edu\/en\/wp-json\/wp\/v2\/media\/3843"}],"wp:attachment":[{"href":"https:\/\/iate.oac.uncor.edu\/en\/wp-json\/wp\/v2\/media?parent=3838"}],"curies":[{"name":"wp","href":"https:\/\/api.w.org\/{rel}","templated":true}]}}