{"id":4186,"date":"2024-04-05T14:20:05","date_gmt":"2024-04-05T17:20:05","guid":{"rendered":"https:\/\/iate.oac.uncor.edu\/?page_id=4186"},"modified":"2025-05-07T16:12:01","modified_gmt":"2025-05-07T19:12:01","slug":"reunion-anual","status":"publish","type":"page","link":"https:\/\/iate.oac.uncor.edu\/en\/institucional\/reunion-anual\/","title":{"rendered":"Annual Meeting"},"content":{"rendered":"<p style=\"text-align: justify;\"><span style=\"font-size: 12pt;\">Since 2022, at the beginning of each year, IATE organises a meeting that brings together the entire institute. This meeting facilitates the exchange of the themes being worked on and the plans for the current year. We invite all research and computer and instrumentation systems groups to present their progress and contributions. In this way, institute members\u00a0can share what they are doing and keep abreast of their colleagues\u2019 activities, thus fostering new opportunities for collaboration and synergies between the teams.<\/span><\/p>\n<p>&nbsp;<\/p>\n<figure id=\"attachment_4580\" aria-describedby=\"caption-attachment-4580\" style=\"width: 810px\" class=\"wp-caption aligncenter\"><img loading=\"lazy\" decoding=\"async\" class=\"wp-image-4580 size-large\" src=\"https:\/\/iate.oac.uncor.edu\/wp-content\/uploads\/2025\/05\/RA25-1024x576.jpg\" alt=\"\" width=\"810\" height=\"456\" srcset=\"https:\/\/iate.oac.uncor.edu\/wp-content\/uploads\/2025\/05\/RA25-1024x576.jpg 1024w, https:\/\/iate.oac.uncor.edu\/wp-content\/uploads\/2025\/05\/RA25-300x169.jpg 300w, https:\/\/iate.oac.uncor.edu\/wp-content\/uploads\/2025\/05\/RA25-1536x864.jpg 1536w, https:\/\/iate.oac.uncor.edu\/wp-content\/uploads\/2025\/05\/RA25-2048x1152.jpg 2048w, https:\/\/iate.oac.uncor.edu\/wp-content\/uploads\/2025\/05\/RA25-18x10.jpg 18w\" sizes=\"auto, (max-width: 810px) 100vw, 810px\" \/><figcaption id=\"caption-attachment-4580\" class=\"wp-caption-text\">Reuni\u00f3n Anual 2025<\/figcaption><\/figure>\n<p>&nbsp;<\/p>\n<figure id=\"attachment_4256\" aria-describedby=\"caption-attachment-4256\" style=\"width: 810px\" class=\"wp-caption aligncenter\"><img loading=\"lazy\" decoding=\"async\" class=\"wp-image-4256 size-full\" src=\"https:\/\/iate.oac.uncor.edu\/wp-content\/uploads\/2024\/05\/Untitled-design-11-1.png\" alt=\"\" width=\"810\" height=\"264\" srcset=\"https:\/\/iate.oac.uncor.edu\/wp-content\/uploads\/2024\/05\/Untitled-design-11-1.png 810w, https:\/\/iate.oac.uncor.edu\/wp-content\/uploads\/2024\/05\/Untitled-design-11-1-300x98.png 300w, https:\/\/iate.oac.uncor.edu\/wp-content\/uploads\/2024\/05\/Untitled-design-11-1-18x6.png 18w\" sizes=\"auto, (max-width: 810px) 100vw, 810px\" \/><figcaption id=\"caption-attachment-4256\" class=\"wp-caption-text\">Reuni\u00f3n Anual 2024<\/figcaption><\/figure>\n<p>&nbsp;<\/p>\n<figure id=\"attachment_4029\" aria-describedby=\"caption-attachment-4029\" style=\"width: 810px\" class=\"wp-caption aligncenter\"><img loading=\"lazy\" decoding=\"async\" class=\"wp-image-4029 size-large\" src=\"https:\/\/iate.oac.uncor.edu\/wp-content\/uploads\/2023\/05\/carrusel-1024x334.png\" alt=\"\" width=\"810\" height=\"264\" srcset=\"https:\/\/iate.oac.uncor.edu\/wp-content\/uploads\/2023\/05\/carrusel-1024x334.png 1024w, https:\/\/iate.oac.uncor.edu\/wp-content\/uploads\/2023\/05\/carrusel-300x98.png 300w, https:\/\/iate.oac.uncor.edu\/wp-content\/uploads\/2023\/05\/carrusel-18x6.png 18w, https:\/\/iate.oac.uncor.edu\/wp-content\/uploads\/2023\/05\/carrusel.png 1400w\" sizes=\"auto, (max-width: 810px) 100vw, 810px\" \/><figcaption id=\"caption-attachment-4029\" class=\"wp-caption-text\">2023 Annual Meeting<\/figcaption><\/figure>\n<p>&nbsp;<\/p>\n<p>&nbsp;<\/p>","protected":false},"excerpt":{"rendered":"<p>Desde el 2022, al comienzo de cada a\u00f1o, el IATE organiza una reuni\u00f3n que congrega a todo el instituto. Este encuentro facilita el intercambio de los temas que se est\u00e1n trabajando y de los planes previstos para el a\u00f1o en curso. Se convoca a todos los grupos de investigaci\u00f3n y&hellip;<\/p>","protected":false},"author":1,"featured_media":0,"parent":12,"menu_order":4,"comment_status":"closed","ping_status":"closed","template":"","meta":{"footnotes":""},"class_list":["post-4186","page","type-page","status-publish","hentry"],"_links":{"self":[{"href":"https:\/\/iate.oac.uncor.edu\/en\/wp-json\/wp\/v2\/pages\/4186","targetHints":{"allow":["GET"]}}],"collection":[{"href":"https:\/\/iate.oac.uncor.edu\/en\/wp-json\/wp\/v2\/pages"}],"about":[{"href":"https:\/\/iate.oac.uncor.edu\/en\/wp-json\/wp\/v2\/types\/page"}],"author":[{"embeddable":true,"href":"https:\/\/iate.oac.uncor.edu\/en\/wp-json\/wp\/v2\/users\/1"}],"replies":[{"embeddable":true,"href":"https:\/\/iate.oac.uncor.edu\/en\/wp-json\/wp\/v2\/comments?post=4186"}],"version-history":[{"count":0,"href":"https:\/\/iate.oac.uncor.edu\/en\/wp-json\/wp\/v2\/pages\/4186\/revisions"}],"up":[{"embeddable":true,"href":"https:\/\/iate.oac.uncor.edu\/en\/wp-json\/wp\/v2\/pages\/12"}],"wp:attachment":[{"href":"https:\/\/iate.oac.uncor.edu\/en\/wp-json\/wp\/v2\/media?parent=4186"}],"curies":[{"name":"wp","href":"https:\/\/api.w.org\/{rel}","templated":true}]}}