{"id":52,"date":"2015-07-08T15:20:14","date_gmt":"2015-07-08T15:20:14","guid":{"rendered":"http:\/\/localhost\/wordpress\/?page_id=52"},"modified":"2025-08-06T14:12:20","modified_gmt":"2025-08-06T17:12:20","slug":"academicas-2","status":"publish","type":"page","link":"https:\/\/iate.oac.uncor.edu\/en\/academicas-2\/","title":{"rendered":"Investigation"},"content":{"rendered":"<p style=\"text-align: justify;\"><span style=\"font-size: 12pt;\">Most of the researchers working at IATE are also lecturers at the Observatorio Astron\u00f3mico de C\u00f3rdoba (<a href=\"https:\/\/oac.unc.edu.ar\/\">OAC<\/a>), maintaining strong ties with the Facultad de Matem\u00e1tica, Astronom\u00eda, F\u00edsica y Computaci\u00f3n (<a href=\"https:\/\/www.famaf.unc.edu.ar\/\">FaMAF<\/a>) as they are both graduates and academic staff of that faculty, and carry out work that links both institutions.<\/span><\/p>","protected":false},"excerpt":{"rendered":"<p>La mayor\u00eda de los investigadores que se desempe\u00f1an en IATE, son adem\u00e1s docentes del Observatorio Astron\u00f3mico de C\u00f3rdoba (OAC), teniendo as\u00ed fuertes v\u00ednculos con la Facultad de Matem\u00e1tica, Astronom\u00eda, F\u00edsica y Computaci\u00f3n (FaMAF) ya que son egresados y docentes de esa unidad acad\u00e9mica y desarrollan trabajos que relacionan a ambas&hellip;<\/p>","protected":false},"author":1,"featured_media":0,"parent":0,"menu_order":2,"comment_status":"closed","ping_status":"open","template":"","meta":{"footnotes":""},"class_list":["post-52","page","type-page","status-publish","hentry"],"_links":{"self":[{"href":"https:\/\/iate.oac.uncor.edu\/en\/wp-json\/wp\/v2\/pages\/52","targetHints":{"allow":["GET"]}}],"collection":[{"href":"https:\/\/iate.oac.uncor.edu\/en\/wp-json\/wp\/v2\/pages"}],"about":[{"href":"https:\/\/iate.oac.uncor.edu\/en\/wp-json\/wp\/v2\/types\/page"}],"author":[{"embeddable":true,"href":"https:\/\/iate.oac.uncor.edu\/en\/wp-json\/wp\/v2\/users\/1"}],"replies":[{"embeddable":true,"href":"https:\/\/iate.oac.uncor.edu\/en\/wp-json\/wp\/v2\/comments?post=52"}],"version-history":[{"count":0,"href":"https:\/\/iate.oac.uncor.edu\/en\/wp-json\/wp\/v2\/pages\/52\/revisions"}],"wp:attachment":[{"href":"https:\/\/iate.oac.uncor.edu\/en\/wp-json\/wp\/v2\/media?parent=52"}],"curies":[{"name":"wp","href":"https:\/\/api.w.org\/{rel}","templated":true}]}}