{"id":57,"date":"2015-07-08T15:21:04","date_gmt":"2015-07-08T15:21:04","guid":{"rendered":"http:\/\/localhost\/wordpress\/?page_id=57"},"modified":"2022-09-22T13:20:40","modified_gmt":"2022-09-22T16:20:40","slug":"oportunidades-laborales","status":"publish","type":"page","link":"https:\/\/iate.oac.uncor.edu\/en\/novedades\/oportunidades-laborales\/","title":{"rendered":"Job Opportunities"},"content":{"rendered":"<table style=\"height: 255px;\" width=\"609\">\n<tbody>\n<tr>\n<td>\n<h2 style=\"text-align: justify;\"><span style=\"font-family: DejaVu Sans, sans-serif;\"><span style=\"font-size: medium;\"><b>Profesional de Comunicaci\u00f3n Audiovisual y Difusi\u00f3n de Resultados Cient\u00edficos<\/b><\/span><\/span><\/h2>\n<p><img loading=\"lazy\" decoding=\"async\" class=\"wp-image-3841 aligncenter\" src=\"https:\/\/iate.oac.uncor.edu\/wp-content\/uploads\/2022\/09\/Aviso-diario-CPA-Profesional.Comun_.Audiovisual.Difusion-300x131.jpg\" alt=\"\" width=\"500\" height=\"218\" srcset=\"https:\/\/iate.oac.uncor.edu\/wp-content\/uploads\/2022\/09\/Aviso-diario-CPA-Profesional.Comun_.Audiovisual.Difusion-300x131.jpg 300w, https:\/\/iate.oac.uncor.edu\/wp-content\/uploads\/2022\/09\/Aviso-diario-CPA-Profesional.Comun_.Audiovisual.Difusion-18x8.jpg 18w, https:\/\/iate.oac.uncor.edu\/wp-content\/uploads\/2022\/09\/Aviso-diario-CPA-Profesional.Comun_.Audiovisual.Difusion.jpg 838w\" sizes=\"auto, (max-width: 500px) 100vw, 500px\" \/><\/p>\n<p lang=\"es-ES-u-co-trad\" style=\"text-align: justify;\" align=\"center\"><a href=\"https:\/\/convocatorias.conicet.gov.ar\/profesional-y-tecnico-de-apoyo\/\"><span style=\"font-size: 12pt;\">Bases<\/span><\/a><\/p>\n<p lang=\"es-ES-u-co-trad\" style=\"text-align: justify;\" align=\"center\"><span style=\"font-size: 12pt;\">Perfil convocatoria: <a href=\"https:\/\/convocatorias.conicet.gov.ar\/wp-content\/uploads\/sites\/3\/2022-IATE-Prof.-comu.-audio.-y-dif.-rdos.-cientif..pdf\">link aqu\u00ed<\/a>.<\/span><\/p>\n<\/td>\n<\/tr>\n<tr>\n<td>\n<h2 style=\"text-align: justify;\"><span style=\"font-family: DejaVu Sans, sans-serif;\"><span style=\"font-size: medium;\"><b>Profesional de Programaci\u00f3n de Alto Rendimiento<\/b><\/span><\/span><\/h2>\n<p style=\"text-align: justify;\"><img loading=\"lazy\" decoding=\"async\" class=\"size-medium wp-image-3856\" src=\"https:\/\/iate.oac.uncor.edu\/wp-content\/uploads\/2022\/09\/Aviso-diario-CPA-Profesional.Programacion.Alto_.Rendimiento-300x119.jpg\" alt=\"\" width=\"500\" height=\"198\" srcset=\"https:\/\/iate.oac.uncor.edu\/wp-content\/uploads\/2022\/09\/Aviso-diario-CPA-Profesional.Programacion.Alto_.Rendimiento-300x119.jpg 300w, https:\/\/iate.oac.uncor.edu\/wp-content\/uploads\/2022\/09\/Aviso-diario-CPA-Profesional.Programacion.Alto_.Rendimiento-18x7.jpg 18w, https:\/\/iate.oac.uncor.edu\/wp-content\/uploads\/2022\/09\/Aviso-diario-CPA-Profesional.Programacion.Alto_.Rendimiento.jpg 820w\" sizes=\"auto, (max-width: 500px) 100vw, 500px\" \/><\/p>\n<p lang=\"es-ES-u-co-trad\" style=\"text-align: justify;\" align=\"center\"><a href=\"https:\/\/convocatorias.conicet.gov.ar\/profesional-y-tecnico-de-apoyo\/\"><span style=\"font-size: 12pt;\">Bases<\/span><\/a><\/p>\n<p lang=\"es-ES-u-co-trad\" style=\"text-align: justify;\" align=\"center\"><span style=\"font-size: 12pt;\">Perfil convocatoria: <a href=\"https:\/\/convocatorias.conicet.gov.ar\/wp-content\/uploads\/sites\/3\/2022-IATE-Prof.-program.-alto-rendim..pdf\">link aqu\u00ed<\/a>.<\/span><\/p>\n<\/td>\n<\/tr>\n<\/tbody>\n<\/table>\n<h2 style=\"text-align: justify;\"><\/h2>\n<p lang=\"es-ES-u-co-trad\" style=\"text-align: center;\" align=\"center\">","protected":false},"excerpt":{"rendered":"<p>Profesional de Comunicaci\u00f3n Audiovisual y Difusi\u00f3n de Resultados Cient\u00edficos Bases Perfil convocatoria: link aqu\u00ed. Profesional de Programaci\u00f3n de Alto Rendimiento Bases Perfil convocatoria: link aqu\u00ed.<\/p>","protected":false},"author":1,"featured_media":3841,"parent":88,"menu_order":1,"comment_status":"closed","ping_status":"open","template":"","meta":{"footnotes":""},"class_list":["post-57","page","type-page","status-publish","has-post-thumbnail","hentry"],"_links":{"self":[{"href":"https:\/\/iate.oac.uncor.edu\/en\/wp-json\/wp\/v2\/pages\/57","targetHints":{"allow":["GET"]}}],"collection":[{"href":"https:\/\/iate.oac.uncor.edu\/en\/wp-json\/wp\/v2\/pages"}],"about":[{"href":"https:\/\/iate.oac.uncor.edu\/en\/wp-json\/wp\/v2\/types\/page"}],"author":[{"embeddable":true,"href":"https:\/\/iate.oac.uncor.edu\/en\/wp-json\/wp\/v2\/users\/1"}],"replies":[{"embeddable":true,"href":"https:\/\/iate.oac.uncor.edu\/en\/wp-json\/wp\/v2\/comments?post=57"}],"version-history":[{"count":0,"href":"https:\/\/iate.oac.uncor.edu\/en\/wp-json\/wp\/v2\/pages\/57\/revisions"}],"up":[{"embeddable":true,"href":"https:\/\/iate.oac.uncor.edu\/en\/wp-json\/wp\/v2\/pages\/88"}],"wp:featuredmedia":[{"embeddable":true,"href":"https:\/\/iate.oac.uncor.edu\/en\/wp-json\/wp\/v2\/media\/3841"}],"wp:attachment":[{"href":"https:\/\/iate.oac.uncor.edu\/en\/wp-json\/wp\/v2\/media?parent=57"}],"curies":[{"name":"wp","href":"https:\/\/api.w.org\/{rel}","templated":true}]}}