{"id":59,"date":"2015-07-08T15:21:40","date_gmt":"2015-07-08T15:21:40","guid":{"rendered":"http:\/\/localhost\/wordpress\/?page_id=59"},"modified":"2025-10-22T13:30:09","modified_gmt":"2025-10-22T16:30:09","slug":"doctorandos","status":"publish","type":"page","link":"https:\/\/iate.oac.uncor.edu\/en\/institucional\/miembros\/doctorandos\/","title":{"rendered":"Fellows"},"content":{"rendered":"<p>Phone: +54 351 4331066<br \/>\nPhone IP: +54 351 5353776<\/p>\n<div class=\"staff-member-listing becarios\"><div class=\"staff-member even\">\r\n\t\t<img decoding=\"async\" class=\"staff-member-photo\" src=\"https:\/\/iate.oac.uncor.edu\/wp-content\/uploads\/2025\/05\/german_alfaro.jpeg\" alt=\"Germ\u00e1n Alfaro : Beca fin de Doctorado\">\r\n\t\t<div class=\"staff-member-info-wrap\">\r\n\t\t\t<h3 class=\"staff-member-name\">Germ\u00e1n Alfaro<\/h3>\r\n\t\t\t<h4 class=\"staff-member-position\">Beca fin de Doctorado<\/h4>\r\n                        Contact:\r\n                        <a class=\"staff-member-email\" href=\"mailto:ge&#114;man.&#097;&#108;fa&#114;&#111;&#064;&#117;nc.&#101;&#100;&#117;&#046;&#097;&#114;\" title=\"Email Germ\u00e1n Alfaro\">&#103;&#101;rm&#097;n&#046;&#097;&#108;&#102;aro&#064;un&#099;&#046;&#101;du.a&#114;<\/a>\r\n\r\n                         <div class=\"staff-orcid\">\r\n                                Tema: Estructura en Gran Escala del Universo\r\nhttps:\/\/orcid.org\/0000-0003-0180-8207\r\n                          <\/div>\r\n\r\n        \t<\/div>\r\n<\/div> <!-- Close staff-member --><div class=\"staff-member odd\">\r\n\t\t<img decoding=\"async\" class=\"staff-member-photo\" src=\"https:\/\/iate.oac.uncor.edu\/wp-content\/uploads\/2021\/09\/araujo.jpg\" alt=\"Susana Beatriz Araujo Furlan : Beca Doctoral\">\r\n\t\t<div class=\"staff-member-info-wrap\">\r\n\t\t\t<h3 class=\"staff-member-name\">Susana Beatriz Araujo Furlan<\/h3>\r\n\t\t\t<h4 class=\"staff-member-position\">Doctoral Fellow<\/h4>\r\n                        Contact: Int. IP 75538,\r\n                        <a class=\"staff-member-email\" href=\"mailto:&#115;&#117;san&#097;&#046;&#097;&#114;&#097;&#117;&#106;o&#064;&#117;n&#099;.&#101;du.ar\" title=\"Email Susana Beatriz Araujo Furlan\">&#115;&#117;sa&#110;a.a&#114;&#097;u&#106;&#111;&#064;un&#099;.e&#100;u.ar<\/a>\r\n\r\n                         <div class=\"staff-orcid\">\r\n                                <span style=\"font-size: 10pt\">Tema: Astronom\u00eda Gal\u00e1ctica y Extragal\u00e1ctica<\/span>\r\n<span style=\"font-size: 10pt\">https:\/\/orcid.org\/0000-0003-4027-4826<\/span>\r\n<span style=\"font-size: 10pt\">https:\/\/sites.google.com\/view\/sbaraujofurlan\/research-and-projects?authuser=0<\/span>\r\n\r\n                          <\/div>\r\n\r\n        \t<\/div>\r\n<\/div> <!-- Close staff-member --><div class=\"staff-member even\">\r\n\t\t<img decoding=\"async\" class=\"staff-member-photo\" src=\"https:\/\/iate.oac.uncor.edu\/wp-content\/uploads\/2025\/04\/IMG-20220403-WA00023-2-e1746027389221.jpg\" alt=\"Marcos Adri\u00e1n Josu\u00e9 Baracchi : Beca doctoral\">\r\n\t\t<div class=\"staff-member-info-wrap\">\r\n\t\t\t<h3 class=\"staff-member-name\">Marcos Adri\u00e1n Josu\u00e9 Baracchi<\/h3>\r\n\t\t\t<h4 class=\"staff-member-position\">Beca doctoral<\/h4>\r\n                        Contact: Int. 203,\r\n                        <a class=\"staff-member-email\" href=\"mailto:m&#097;rc&#111;&#115;.&#098;&#097;racc&#104;i&#064;mi&#046;u&#110;&#099;&#046;&#101;du.ar\" title=\"Email Marcos Adri\u00e1n Josu\u00e9 Baracchi\">mar&#099;&#111;s.bara&#099;ch&#105;&#064;&#109;&#105;.&#117;n&#099;.&#101;&#100;u&#046;&#097;r<\/a>\r\n\r\n                         <div class=\"staff-orcid\">\r\n                                Tema: Sistemas Planetarios\r\n                          <\/div>\r\n\r\n        \t<\/div>\r\n<\/div> <!-- Close staff-member --><div class=\"staff-member odd\">\r\n\t\t<img decoding=\"async\" class=\"staff-member-photo\" src=\"https:\/\/iate.oac.uncor.edu\/wp-content\/uploads\/2025\/09\/prueba.png\" alt=\"Ail\u00e9n Roc\u00edo Callen : Beca doctoral\">\r\n\t\t<div class=\"staff-member-info-wrap\">\r\n\t\t\t<h3 class=\"staff-member-name\">Ail\u00e9n Roc\u00edo Callen<\/h3>\r\n\t\t\t<h4 class=\"staff-member-position\">Beca doctoral<\/h4>\r\n                        Contacto: Int. 202\r\n                        <a class=\"staff-member-email\" href=\"mailto:&#097;i&#108;en&#046;call&#101;&#110;&#064;m&#105;&#046;&#117;nc&#046;&#101;d&#117;&#046;&#097;&#114;\" title=\"Email Ail\u00e9n Roc\u00edo Callen\">aile&#110;&#046;&#099;&#097;&#108;len&#064;m&#105;&#046;&#117;&#110;&#099;.&#101;&#100;&#117;&#046;&#097;&#114;<\/a>\r\n\r\n                         <div class=\"staff-orcid\">\r\n                                Tema: Evoluci\u00f3n de grupos compactos de galaxias\r\n                          <\/div>\r\n\r\n        \t<\/div>\r\n<\/div> <!-- Close staff-member --><div class=\"staff-member even\">\r\n\t\t<img decoding=\"async\" class=\"staff-member-photo\" src=\"https:\/\/iate.oac.uncor.edu\/wp-content\/uploads\/2025\/05\/Franco.jpeg\" alt=\"Franco Maximiliano Caporaso : Beca doctoral\">\r\n\t\t<div class=\"staff-member-info-wrap\">\r\n\t\t\t<h3 class=\"staff-member-name\">Franco Maximiliano Caporaso<\/h3>\r\n\t\t\t<h4 class=\"staff-member-position\">Beca doctoral<\/h4>\r\n                        Contact: ,\r\n                        <a class=\"staff-member-email\" href=\"mailto:fmc&#097;po&#114;aso&#064;&#109;i.u&#110;c.edu.&#097;r\" title=\"Email Franco Maximiliano Caporaso\">&#102;m&#099;ap&#111;r&#097;so&#064;&#109;&#105;&#046;u&#110;c&#046;&#101;du&#046;a&#114;<\/a>\r\n\r\n                         <div class=\"staff-orcid\">\r\n                                Tema: Estructura en Gran Escala del Universo\r\n                          <\/div>\r\n\r\n        \t<\/div>\r\n<\/div> <!-- Close staff-member --><div class=\"staff-member odd\">\r\n\t\t<img decoding=\"async\" class=\"staff-member-photo\" src=\"https:\/\/iate.oac.uncor.edu\/wp-content\/uploads\/2024\/09\/Celiz_CV_pic.jpg\" alt=\"Bruno Celiz : Beca doctoral\">\r\n\t\t<div class=\"staff-member-info-wrap\">\r\n\t\t\t<h3 class=\"staff-member-name\">Bruno Celiz<\/h3>\r\n\t\t\t<h4 class=\"staff-member-position\">Beca doctoral<\/h4>\r\n                        Contact: Int. IP 75538,\r\n                        <a class=\"staff-member-email\" href=\"mailto:&#098;&#114;un&#111;.&#099;&#101;&#108;&#105;&#122;&#064;&#109;i.&#117;&#110;c.&#101;&#100;&#117;&#046;ar\" title=\"Email Bruno Celiz\">br&#117;&#110;&#111;&#046;c&#101;l&#105;z&#064;&#109;&#105;.&#117;&#110;c&#046;edu&#046;&#097;&#114;<\/a>\r\n\r\n                         <div class=\"staff-orcid\">\r\n                                Temas: Astronom\u00eda Gal\u00e1ctica y Extragal\u00e1ctica\r\nhttps:\/\/orcid.org\/0009-0001-1715-700X\r\n                          <\/div>\r\n\r\n        \t<\/div>\r\n<\/div> <!-- Close staff-member --><div class=\"staff-member even\">\r\n\t\t<img decoding=\"async\" class=\"staff-member-photo\" src=\"https:\/\/iate.oac.uncor.edu\/wp-content\/uploads\/2024\/10\/fedebustillos.jpeg\" alt=\"Jorge Federico Bustillos Rava : Beca doctoral\">\r\n\t\t<div class=\"staff-member-info-wrap\">\r\n\t\t\t<h3 class=\"staff-member-name\">Jorge Federico Bustillos Rava<\/h3>\r\n\t\t\t<h4 class=\"staff-member-position\">Beca doctoral<\/h4>\r\n                        Contacto: IP 75620,\r\n                        <a class=\"staff-member-email\" href=\"mailto:&#102;&#101;&#100;e&#114;&#105;co&#098;u&#115;&#116;&#105;&#108;l&#111;&#115;&#064;&#109;i.&#117;nc.edu&#046;&#097;r\" title=\"Email Jorge Federico Bustillos Rava\">&#102;&#101;&#100;&#101;r&#105;cobust&#105;&#108;l&#111;&#115;&#064;mi&#046;&#117;nc&#046;&#101;&#100;&#117;.&#097;r<\/a>\r\n\r\n                         <div class=\"staff-orcid\">\r\n                                Tema: Estructura a Gran Escala del Universo\r\n                          <\/div>\r\n\r\n        \t<\/div>\r\n<\/div> <!-- Close staff-member --><div class=\"staff-member odd\">\r\n\t\t<img decoding=\"async\" class=\"staff-member-photo\" src=\"https:\/\/iate.oac.uncor.edu\/wp-content\/uploads\/2023\/04\/candela_400x400.png\" alt=\"Candela Cerdosino : Beca Doctoral\">\r\n\t\t<div class=\"staff-member-info-wrap\">\r\n\t\t\t<h3 class=\"staff-member-name\">Candela Cerdosino<\/h3>\r\n\t\t\t<h4 class=\"staff-member-position\">Doctoral Fellow<\/h4>\r\n                        Contacto: Int. IP 75534,\r\n                        <a class=\"staff-member-email\" href=\"mailto:&#099;a&#110;d&#101;&#108;ac&#101;&#114;&#100;&#111;&#115;i&#110;o&#064;mi&#046;unc.&#101;du&#046;&#097;&#114;\" title=\"Email Candela Cerdosino\">&#099;an&#100;&#101;&#108;ac&#101;rdo&#115;i&#110;&#111;&#064;&#109;i.u&#110;c&#046;&#101;d&#117;&#046;&#097;&#114;<\/a>\r\n\r\n                         <div class=\"staff-orcid\">\r\n                                Tema: Astronom\u00eda Gal\u00e1ctica y Extragalactica\r\n                          <\/div>\r\n\r\n        \t<\/div>\r\n<\/div> <!-- Close staff-member --><div class=\"staff-member even\">\r\n\t\t<img decoding=\"async\" class=\"staff-member-photo\" src=\"https:\/\/iate.oac.uncor.edu\/wp-content\/uploads\/2021\/05\/Matias.Cerioni.jpg\" alt=\"Mat\u00edas Cerioni : Beca Doctoral\">\r\n\t\t<div class=\"staff-member-info-wrap\">\r\n\t\t\t<h3 class=\"staff-member-name\">Mat\u00edas Cerioni<\/h3>\r\n\t\t\t<h4 class=\"staff-member-position\">Doctoral Fellow<\/h4>\r\n                        Contact: 4331063\/4\/5, Int. 222,\r\n                        <a class=\"staff-member-email\" href=\"mailto:&#109;&#097;t&#105;a&#115;&#046;ce&#114;i&#111;ni&#064;m&#105;.u&#110;c&#046;&#101;&#100;&#117;&#046;ar\" title=\"Email Mat\u00edas Cerioni\">&#109;at&#105;&#097;s.&#099;e&#114;&#105;&#111;ni&#064;m&#105;.&#117;&#110;&#099;&#046;e&#100;u&#046;ar<\/a>\r\n\r\n                         <div class=\"staff-orcid\">\r\n                                Tema: Sistemas Planetarios\r\nhttps:\/\/orcid.org\/0000-0003-2976-2917\r\n                          <\/div>\r\n\r\n        \t<\/div>\r\n<\/div> <!-- Close staff-member --><div class=\"staff-member odd\">\r\n\t\t<img decoding=\"async\" class=\"staff-member-photo\" src=\"https:\/\/iate.oac.uncor.edu\/wp-content\/uploads\/2022\/06\/Patricio.Colazo-2.jpg\" alt=\"Patricio Colazo : Beca Doctoral\">\r\n\t\t<div class=\"staff-member-info-wrap\">\r\n\t\t\t<h3 class=\"staff-member-name\">Patricio Colazo<\/h3>\r\n\t\t\t<h4 class=\"staff-member-position\">Doctoral Fellow<\/h4>\r\n                        Contacto: Int. IP 75615,\r\n                        <a class=\"staff-member-email\" href=\"mailto:&#112;atric&#105;&#111;&#046;&#099;&#111;&#108;&#097;zo&#064;m&#105;.u&#110;&#099;&#046;edu&#046;a&#114;\" title=\"Email Patricio Colazo\">pa&#116;rici&#111;&#046;col&#097;&#122;&#111;&#064;&#109;i&#046;&#117;&#110;c.e&#100;u.&#097;r<\/a>\r\n\r\n                         <div class=\"staff-orcid\">\r\n                                Temas: Estructura en Gran Escala, Materia Oscura, Simulaciones\r\nhttps:\/\/orcid.org\/0000-0001-6379-087X\r\n                          <\/div>\r\n\r\n        \t<\/div>\r\n<\/div> <!-- Close staff-member --><div class=\"staff-member even\">\r\n\t\t<img decoding=\"async\" class=\"staff-member-photo\" src=\"https:\/\/iate.oac.uncor.edu\/wp-content\/uploads\/2025\/03\/Foto-Carnet-AgustinaColazo.png\" alt=\"Agustina Colazo : Beca doctoral\">\r\n\t\t<div class=\"staff-member-info-wrap\">\r\n\t\t\t<h3 class=\"staff-member-name\">Agustina Colazo<\/h3>\r\n\t\t\t<h4 class=\"staff-member-position\">Beca doctoral<\/h4>\r\n                        Contact: Int. IP 75622,\r\n                        <a class=\"staff-member-email\" href=\"mailto:a&#103;&#117;s&#116;i&#110;a&#046;&#099;o&#108;&#097;z&#111;&#064;&#109;&#105;&#046;&#117;&#110;&#099;&#046;edu.&#097;&#114;\" title=\"Email Agustina Colazo\">&#097;g&#117;stin&#097;.co&#108;&#097;&#122;o&#064;&#109;i.u&#110;&#099;.ed&#117;&#046;ar<\/a>\r\n\r\n                         <div class=\"staff-orcid\">\r\n                                Tema: Estructura en Gran Escala del\u00a0 Universo\r\n                          <\/div>\r\n\r\n        \t<\/div>\r\n<\/div> <!-- Close staff-member --><div class=\"staff-member odd\">\r\n\t\t<img decoding=\"async\" class=\"staff-member-photo\" src=\"https:\/\/iate.oac.uncor.edu\/wp-content\/uploads\/2020\/04\/Vale.Cristiani-1-e1606226832676.jpeg\" alt=\"Valeria Ayl\u00e9n Cristiani : Beca interna Doctoral\">\r\n\t\t<div class=\"staff-member-info-wrap\">\r\n\t\t\t<h3 class=\"staff-member-name\">Valeria Ayl\u00e9n Cristiani<\/h3>\r\n\t\t\t<h4 class=\"staff-member-position\">Beca interna Doctoral<\/h4>\r\n                        Contact: Int. IP 75623,\r\n                        <a class=\"staff-member-email\" href=\"mailto:v&#097;leria.c&#114;&#105;&#115;t&#105;an&#105;&#064;&#117;&#110;c&#046;ed&#117;&#046;&#097;r\" title=\"Email Valeria Ayl\u00e9n Cristiani\">&#118;&#097;&#108;e&#114;i&#097;.c&#114;&#105;s&#116;&#105;&#097;ni&#064;u&#110;c&#046;&#101;&#100;&#117;&#046;&#097;&#114;<\/a>\r\n\r\n                         <div class=\"staff-orcid\">\r\n                                Temas: Astronom\u00eda Gal\u00e1ctica y Extragal\u00e1ctica\r\nhttps:\/\/orcid.org\/0000-0003-0143-7573\r\n                          <\/div>\r\n\r\n        \t<\/div>\r\n<\/div> <!-- Close staff-member --><div class=\"staff-member even\">\r\n\t\t<img decoding=\"async\" class=\"staff-member-photo\" src=\"https:\/\/iate.oac.uncor.edu\/wp-content\/uploads\/2015\/07\/federico.jpg\" alt=\"Federico D\u00e1vila Kurb\u00e1n : Beca Interna Doctoral\">\r\n\t\t<div class=\"staff-member-info-wrap\">\r\n\t\t\t<h3 class=\"staff-member-name\">Federico D\u00e1vila Kurb\u00e1n<\/h3>\r\n\t\t\t<h4 class=\"staff-member-position\">Doctoral Fellow<\/h4>\r\n                        Contact: Int. 210, \r\n                        <a class=\"staff-member-email\" href=\"mailto:f&#100;&#097;&#118;il&#097;kurb&#097;n&#064;u&#110;&#099;&#046;&#101;d&#117;.ar\" title=\"Email Federico D\u00e1vila Kurb\u00e1n\">fd&#097;vi&#108;akurb&#097;n&#064;unc.ed&#117;&#046;&#097;&#114;<\/a>\r\n\r\n                         <div class=\"staff-orcid\">\r\n                                Temas: Astronom\u00eda Gal\u00e1ctica y Extragal\u00e1ctica\r\nhttps:\/\/orcid.org\/0000-0001-5612-6460\r\n                          <\/div>\r\n\r\n        \t<\/div>\r\n<\/div> <!-- Close staff-member --><div class=\"staff-member odd\">\r\n\t\t<img decoding=\"async\" class=\"staff-member-photo\" src=\"https:\/\/iate.oac.uncor.edu\/wp-content\/uploads\/2022\/06\/Margioret.jpg\" alt=\"Margionet Fabiola D\u00edaz Araque : Beca Paises Latinoamericanos\">\r\n\t\t<div class=\"staff-member-info-wrap\">\r\n\t\t\t<h3 class=\"staff-member-name\">Margionet Fabiola D\u00edaz Araque<\/h3>\r\n\t\t\t<h4 class=\"staff-member-position\">Beca Paises Latinoamericanos<\/h4>\r\n                        Contact: Int. 210,\r\n                        <a class=\"staff-member-email\" href=\"mailto:&#109;&#097;&#114;gi&#111;&#110;&#101;t.&#102;&#046;&#100;&#105;a&#122;&#064;m&#105;.u&#110;&#099;.&#101;d&#117;.ar\" title=\"Email Margionet Fabiola D\u00edaz Araque\">m&#097;&#114;&#103;io&#110;&#101;&#116;&#046;&#102;&#046;di&#097;&#122;&#064;mi.&#117;&#110;&#099;&#046;e&#100;&#117;.&#097;r<\/a>\r\n\r\n                         <div class=\"staff-orcid\">\r\n                                Temas: Astronom\u00eda Gal\u00e1ctica y Extragal\u00e1ctica\r\nhttps:\/\/orcid.org\/0000-0002-1428-429X\r\n                          <\/div>\r\n\r\n        \t<\/div>\r\n<\/div> <!-- Close staff-member --><div class=\"staff-member even\">\r\n\t\t<img decoding=\"async\" class=\"staff-member-photo\" src=\"https:\/\/iate.oac.uncor.edu\/wp-content\/uploads\/2021\/06\/Emma.Gianuzzi.jpg\" alt=\"Emmanuel Gianuzzi : Beca Doctoral\">\r\n\t\t<div class=\"staff-member-info-wrap\">\r\n\t\t\t<h3 class=\"staff-member-name\">Emmanuel Gianuzzi<\/h3>\r\n\t\t\t<h4 class=\"staff-member-position\">Doctoral Fellow<\/h4>\r\n                        Contact: 4331063\/4\/5, Int. 222,\r\n                        <a class=\"staff-member-email\" href=\"mailto:&#101;&#103;i&#097;&#110;&#117;&#122;&#122;&#105;&#064;m&#105;.u&#110;&#099;.&#101;d&#117;&#046;&#097;r\" title=\"Email Emmanuel Gianuzzi\">&#101;gi&#097;&#110;u&#122;&#122;i&#064;&#109;&#105;.u&#110;&#099;.e&#100;u&#046;&#097;&#114;<\/a>\r\n\r\n                         <div class=\"staff-orcid\">\r\n                                Tema: Sistemas Planetarios y Plasmas Astrof\u00edsicos\r\nhttps:\/\/orcid.org\/0000-0002-8910-4871\r\n                          <\/div>\r\n\r\n        \t<\/div>\r\n<\/div> <!-- Close staff-member --><div class=\"staff-member odd\">\r\n\t\t<img decoding=\"async\" class=\"staff-member-photo\" src=\"https:\/\/iate.oac.uncor.edu\/wp-content\/uploads\/2021\/08\/foto.augusto-Kozameh.jpg\" alt=\"Nicol\u00e1s Augusto Kozameh : Beca Doctoral\">\r\n\t\t<div class=\"staff-member-info-wrap\">\r\n\t\t\t<h3 class=\"staff-member-name\">Nicol\u00e1s Augusto Kozameh<\/h3>\r\n\t\t\t<h4 class=\"staff-member-position\">Doctoral Fellow<\/h4>\r\n                        Contact: Int. IP 75620,\r\n                        <a class=\"staff-member-email\" href=\"mailto:n&#105;&#099;&#111;&#108;a&#115;&#046;augu&#115;to&#046;&#107;oz&#097;&#109;eh&#064;mi.&#117;&#110;c.e&#100;u&#046;ar\" title=\"Email Nicol\u00e1s Augusto Kozameh\">n&#105;co&#108;as&#046;&#097;ug&#117;st&#111;.&#107;o&#122;am&#101;h&#064;m&#105;.un&#099;&#046;&#101;&#100;u.&#097;r<\/a>\r\n\r\n                         <div class=\"staff-orcid\">\r\n                                <span style=\"font-size: 10pt\">Topic: Galactic and Extragalactic Astronomy<\/span>\r\n<span style=\"font-size: 10pt\">https:\/\/orcid.org\/0000-0001-9779-1272<\/span>\r\n                          <\/div>\r\n\r\n        \t<\/div>\r\n<\/div> <!-- Close staff-member --><div class=\"staff-member even\">\r\n\t\t<img decoding=\"async\" class=\"staff-member-photo\" src=\"https:\/\/iate.oac.uncor.edu\/wp-content\/uploads\/2023\/03\/selene.png\" alt=\"Selene Levis : Beca Doctoral\">\r\n\t\t<div class=\"staff-member-info-wrap\">\r\n\t\t\t<h3 class=\"staff-member-name\">Selene Levis<\/h3>\r\n\t\t\t<h4 class=\"staff-member-position\">Doctoral Fellow<\/h4>\r\n                        Contact: Int. IP 75622,\r\n                        <a class=\"staff-member-email\" href=\"mailto:sel&#101;&#110;el&#101;v&#105;s&#064;m&#105;.&#117;n&#099;.&#101;du&#046;&#097;r\" title=\"Email Selene Levis\">selene&#108;&#101;vis&#064;m&#105;&#046;u&#110;c&#046;e&#100;u.a&#114;<\/a>\r\n\r\n                         <div class=\"staff-orcid\">\r\n                                Topic: Galactic and Extragalactic Astronomy\r\n                          <\/div>\r\n\r\n        \t<\/div>\r\n<\/div> <!-- Close staff-member --><div class=\"staff-member odd\">\r\n\t\t<img decoding=\"async\" class=\"staff-member-photo\" src=\"https:\/\/iate.oac.uncor.edu\/wp-content\/uploads\/2018\/10\/foto_carnet.Pablo_.jpg\" alt=\"Pablo L\u00f3pez : Becario Postdoctoral\">\r\n\t\t<div class=\"staff-member-info-wrap\">\r\n\t\t\t<h3 class=\"staff-member-name\">Pablo L\u00f3pez<\/h3>\r\n\t\t\t<h4 class=\"staff-member-position\">Becario Postdoctoral<\/h4>\r\n                        Contact: IP 75615,\r\n                        <a class=\"staff-member-email\" href=\"mailto:plop&#101;z&#064;&#117;&#110;&#099;&#046;&#101;du&#046;ar\" title=\"Email Pablo L\u00f3pez\">&#112;l&#111;&#112;&#101;&#122;&#064;un&#099;&#046;&#101;&#100;&#117;&#046;&#097;r<\/a>\r\n\r\n                         <div class=\"staff-orcid\">\r\n                                Temas:\u00a0Estructura en Gran Escala del Universo\r\nhttps:\/\/orcid.org\/0000-0002-9596-9812\r\n                          <\/div>\r\n\r\n        \t<\/div>\r\n<\/div> <!-- Close staff-member --><div class=\"staff-member even\">\r\n\t\t<img decoding=\"async\" class=\"staff-member-photo\" src=\"https:\/\/iate.oac.uncor.edu\/wp-content\/uploads\/2025\/09\/prueba.png\" alt=\"Agust\u00edn Miguel Rodr\u00edguez Medrano : Beca interna Doctoral\">\r\n\t\t<div class=\"staff-member-info-wrap\">\r\n\t\t\t<h3 class=\"staff-member-name\">Agust\u00edn Miguel Rodr\u00edguez Medrano<\/h3>\r\n\t\t\t<h4 class=\"staff-member-position\">Beca interna Doctoral<\/h4>\r\n                        Contact: Int. IP 75623,\r\n                        <a class=\"staff-member-email\" href=\"mailto:ar&#111;d&#114;igu&#101;&#122;&#064;u&#110;c.&#101;&#100;&#117;&#046;ar\" title=\"Email Agust\u00edn Miguel Rodr\u00edguez Medrano\">&#097;r&#111;&#100;&#114;&#105;gue&#122;&#064;&#117;n&#099;&#046;ed&#117;&#046;a&#114;<\/a>\r\n\r\n                         <div class=\"staff-orcid\">\r\n                                Temas: Estructura en Gran Escala del Universo\r\nhttps:\/\/orcid.org\/0000-0001-8070-9869\r\n                          <\/div>\r\n\r\n        \t<\/div>\r\n<\/div> <!-- Close staff-member --><div class=\"staff-member odd\">\r\n\t\t<img decoding=\"async\" class=\"staff-member-photo\" src=\"https:\/\/iate.oac.uncor.edu\/wp-content\/uploads\/2025\/08\/silviorodriguez.jpg\" alt=\"Silvio Rodr\u00edguez Moncada : Beca posdoctoral\">\r\n\t\t<div class=\"staff-member-info-wrap\">\r\n\t\t\t<h3 class=\"staff-member-name\">Silvio Rodr\u00edguez Moncada<\/h3>\r\n\t\t\t<h4 class=\"staff-member-position\">Beca posdoctoral<\/h4>\r\n                        Contacto: Int.210,\r\n                        <a class=\"staff-member-email\" href=\"mailto:s&#105;&#108;v&#105;&#111;.&#114;&#111;&#100;ri&#103;u&#101;&#122;&#064;un&#099;&#046;&#101;d&#117;&#046;a&#114;\" title=\"Email Silvio Rodr\u00edguez Moncada\">&#115;&#105;l&#118;&#105;o.rodr&#105;&#103;u&#101;&#122;&#064;u&#110;c.edu&#046;&#097;&#114;<\/a>\r\n\r\n                         <div class=\"staff-orcid\">\r\n                                Tema: Astronom\u00eda Extragal\u00e1ctica\r\nhttps:\/\/orcid.org\/0000-0001-5329-5242\r\n                          <\/div>\r\n\r\n        \t<\/div>\r\n<\/div> <!-- Close staff-member --><div class=\"staff-member even\">\r\n\t\t<img decoding=\"async\" class=\"staff-member-photo\" src=\"https:\/\/iate.oac.uncor.edu\/wp-content\/uploads\/2025\/04\/Alvaro.png\" alt=\"Alvaro Roy Schachner : Beca doctoral\">\r\n\t\t<div class=\"staff-member-info-wrap\">\r\n\t\t\t<h3 class=\"staff-member-name\">Alvaro Roy Schachner<\/h3>\r\n\t\t\t<h4 class=\"staff-member-position\">Beca doctoral<\/h4>\r\n                        Contacto: Int. 220,\r\n                        <a class=\"staff-member-email\" href=\"mailto:al&#118;&#097;ro&#046;sc&#104;&#097;&#099;&#104;&#110;er&#064;m&#105;.&#117;n&#099;.ed&#117;.&#097;r\" title=\"Email Alvaro Roy Schachner\">alv&#097;ro&#046;&#115;&#099;&#104;a&#099;&#104;&#110;&#101;&#114;&#064;mi.&#117;nc.ed&#117;.a&#114;<\/a>\r\n\r\n                         <div class=\"staff-orcid\">\r\n                                Tema: Computaci\u00f3n de alto desempe\u00f1o\r\n                          <\/div>\r\n\r\n        \t<\/div>\r\n<\/div> <!-- Close staff-member --><div class=\"staff-member odd\">\r\n\t\t<img decoding=\"async\" class=\"staff-member-photo\" src=\"https:\/\/iate.oac.uncor.edu\/wp-content\/uploads\/2023\/04\/Facundo.Toscano.jpg\" alt=\"Facundo Toscano : Beca Doctoral\">\r\n\t\t<div class=\"staff-member-info-wrap\">\r\n\t\t\t<h3 class=\"staff-member-name\">Facundo Toscano<\/h3>\r\n\t\t\t<h4 class=\"staff-member-position\">Doctoral Fellow<\/h4>\r\n                        Contact: Int. 203,\r\n                        <a class=\"staff-member-email\" href=\"mailto:facun&#100;o&#046;t&#111;scan&#111;&#064;&#109;i.&#117;nc.&#101;d&#117;&#046;&#097;r\" title=\"Email Facundo Toscano\">&#102;&#097;cu&#110;do.t&#111;sc&#097;&#110;&#111;&#064;mi.un&#099;.&#101;d&#117;&#046;&#097;&#114;<\/a>\r\n\r\n                         <div class=\"staff-orcid\">\r\n                                Temas: Estructura en Gran Escala y Cosmolog\u00eda\r\n                          <\/div>\r\n\r\n        \t<\/div>\r\n<\/div> <!-- Close staff-member --><div class=\"staff-member even\">\r\n\t\t<img decoding=\"async\" class=\"staff-member-photo\" src=\"https:\/\/iate.oac.uncor.edu\/wp-content\/uploads\/2025\/09\/prueba.png\" alt=\"Gabriela Volpe : Beca Doctoral\">\r\n\t\t<div class=\"staff-member-info-wrap\">\r\n\t\t\t<h3 class=\"staff-member-name\">Gabriela Volpe<\/h3>\r\n\t\t\t<h4 class=\"staff-member-position\">Doctoral Fellow<\/h4>\r\n                        Contact: Int. IP 75601,\r\n                        <a class=\"staff-member-email\" href=\"mailto:&#103;&#097;&#098;r&#105;&#101;&#108;a.&#118;ol&#112;&#101;&#064;un&#099;.e&#100;&#117;.&#097;&#114;\" title=\"Email Gabriela Volpe\">g&#097;bri&#101;&#108;a.&#118;&#111;&#108;p&#101;&#064;&#117;nc.&#101;&#100;u&#046;ar<\/a>\r\n\r\n                         <div class=\"staff-orcid\">\r\n                                <span style=\"font-size: 10pt\">Topic: Galactic and Extragalactic Astronomy <\/span>\r\n<span style=\"font-size: 10pt\">https:\/\/orcid.org\/0000-0003-2163-6342<\/span>\r\n                          <\/div>\r\n\r\n        \t<\/div>\r\n<\/div> <!-- Close staff-member --><div class=\"staff-member odd  last\">\r\n\t\t<img decoding=\"async\" class=\"staff-member-photo\" src=\"https:\/\/iate.oac.uncor.edu\/wp-content\/uploads\/2020\/07\/fzop-150x150.jpg\" alt=\"Federico Zoppetti : Beca Posdoctoral - Profesor Asistente\">\r\n\t\t<div class=\"staff-member-info-wrap\">\r\n\t\t\t<h3 class=\"staff-member-name\">Federico Zoppetti<\/h3>\r\n\t\t\t<h4 class=\"staff-member-position\">Beca Posdoctoral - Profesor Asistente<\/h4>\r\n                        Contact: 4331063\/4\/5, Int. 222,\r\n                        <a class=\"staff-member-email\" href=\"mailto:fed&#101;&#114;ico&#046;zop&#101;&#116;t&#105;&#064;un&#099;&#046;&#101;&#100;u.&#097;&#114;\" title=\"Email Federico Zoppetti\">&#102;&#101;&#100;&#101;&#114;i&#099;o&#046;&#122;&#111;&#112;e&#116;&#116;i&#064;un&#099;.e&#100;u&#046;&#097;r<\/a>\r\n\r\n                         <div class=\"staff-orcid\">\r\n                                Tema: Sistemas Planetarios\r\nhttps:\/\/orcid.org\/0000-0002-3876-0887\r\n                          <\/div>\r\n\r\n        \t<\/div>\r\n<\/div> <!-- Close staff-member --><\/div> <!-- Close staff-member-listing -->","protected":false},"excerpt":{"rendered":"<p>Tel\u00e9fono: +54 351 4331066 Tel\u00e9fono IP: +54 351 5353776<\/p>","protected":false},"author":1,"featured_media":0,"parent":18,"menu_order":2,"comment_status":"closed","ping_status":"open","template":"","meta":{"footnotes":""},"class_list":["post-59","page","type-page","status-publish","hentry"],"_links":{"self":[{"href":"https:\/\/iate.oac.uncor.edu\/en\/wp-json\/wp\/v2\/pages\/59","targetHints":{"allow":["GET"]}}],"collection":[{"href":"https:\/\/iate.oac.uncor.edu\/en\/wp-json\/wp\/v2\/pages"}],"about":[{"href":"https:\/\/iate.oac.uncor.edu\/en\/wp-json\/wp\/v2\/types\/page"}],"author":[{"embeddable":true,"href":"https:\/\/iate.oac.uncor.edu\/en\/wp-json\/wp\/v2\/users\/1"}],"replies":[{"embeddable":true,"href":"https:\/\/iate.oac.uncor.edu\/en\/wp-json\/wp\/v2\/comments?post=59"}],"version-history":[{"count":1,"href":"https:\/\/iate.oac.uncor.edu\/en\/wp-json\/wp\/v2\/pages\/59\/revisions"}],"predecessor-version":[{"id":4828,"href":"https:\/\/iate.oac.uncor.edu\/en\/wp-json\/wp\/v2\/pages\/59\/revisions\/4828"}],"up":[{"embeddable":true,"href":"https:\/\/iate.oac.uncor.edu\/en\/wp-json\/wp\/v2\/pages\/18"}],"wp:attachment":[{"href":"https:\/\/iate.oac.uncor.edu\/en\/wp-json\/wp\/v2\/media?parent=59"}],"curies":[{"name":"wp","href":"https:\/\/api.w.org\/{rel}","templated":true}]}}