{"id":67,"date":"2015-07-08T15:25:09","date_gmt":"2015-07-08T15:25:09","guid":{"rendered":"http:\/\/localhost\/wordpress\/?page_id=67"},"modified":"2025-07-30T14:13:56","modified_gmt":"2025-07-30T17:13:56","slug":"estructura-en-gran-escala-del-universo","status":"publish","type":"page","link":"https:\/\/iate.oac.uncor.edu\/en\/academicas-2\/investigacion\/estructura-en-gran-escala-del-universo\/","title":{"rendered":"Large Scale Structure of the Universe"},"content":{"rendered":"<div style=\"text-align: center; margin: 20px 0;\"><video width=\"400\" controls=\"controls\"><source src=\"https:\/\/iate.oac.uncor.edu\/~andres\/target.mp4\" type=\"video\/mp4\" \/>&nbsp;<\/video><\/div>\n<p><!-- Contenedor general: fuente 12pt, interlineado 1.5, texto justificado --><\/p>\n<div style=\"font-size: 12pt; line-height: 1.5; text-align: justify;\">\n<p>This research area deals with large-scale distribution of matter in the Universe, ranging from smaller scales of galaxies to vast cosmic networks of filaments, voids, and superclusters. Our aim is to understand the formation of this complex structure from the original state of affairs created by the Big Bang and how it evolves influenced by other component\u2019s gravity and hydrodynamics like dark matter, dark energy and ordinary baryonic matter.<\/p>\n<div style=\"background-color: #003057; color: white; padding: 10px; margin: 10px 0; border-radius: 5px; text-align: justify;\"><strong>Keywords:<\/strong> Large-Scale Structures \u2013 Dark Matter \u2013 Dark energy \u2013 Cosmology \u2013 Alternative Models<\/div>\n<p><strong>Main research topics\/inquiries:<\/strong><\/p>\n<ul>\n<li>Inferring properties and behaviour of galaxies and matter, core components in the universe, from their distribution.<\/li>\n<li>Examining how galaxy clusters, filaments and voids are made up and evolve throughout cosmic time.<\/li>\n<li>Applying the gravitational lenses phenomenon to determine the distribution of dark matter and restrict cosmological models.<\/li>\n<li>Analysing the cross-correlation function and other clustering statistics to understand how galaxies are related to the underlying structure of dark matter.<\/li>\n<li>Testing and restricting standard and alternative cosmological models using large-scale structure data.<\/li>\n<li>Investigating hydrodynamic processes effects (baryons) in the formation of the large-scale structure and cosmological observations.<\/li>\n<\/ul>\n<p><strong>Abilities\/Strengths:<\/strong><\/p>\n<p>This team stands out in the use of high resolution cosmological simulations to model structure formation. In addition to that, the team is highly qualified to analyse data from large-scale galaxy surveys (Sloan Digital Sky Survey, DESI, Euclid, Rubin Observatory) and also has experience in developing statistical and computational tools for the analysis of large amounts of data.<\/p>\n<\/div>\n<p><span style=\"font-size: 10pt;\">Video credits: Andr\u00e9s Nicol\u00e1s Ruiz<\/span><\/p>","protected":false},"excerpt":{"rendered":"<p>&nbsp; Esta l\u00ednea de investigaci\u00f3n se dedica a explorar la distribuci\u00f3n a gran escala de la materia en el universo, desde las escalas m\u00e1s peque\u00f1as de las galaxias hasta las vastas redes c\u00f3smicas de filamentos, vac\u00edos y superc\u00famulos. El objetivo es comprender c\u00f3mo se form\u00f3 esta compleja estructura a partir&hellip;<\/p>","protected":false},"author":1,"featured_media":4677,"parent":21,"menu_order":2,"comment_status":"closed","ping_status":"open","template":"","meta":{"footnotes":""},"class_list":["post-67","page","type-page","status-publish","has-post-thumbnail","hentry"],"_links":{"self":[{"href":"https:\/\/iate.oac.uncor.edu\/en\/wp-json\/wp\/v2\/pages\/67","targetHints":{"allow":["GET"]}}],"collection":[{"href":"https:\/\/iate.oac.uncor.edu\/en\/wp-json\/wp\/v2\/pages"}],"about":[{"href":"https:\/\/iate.oac.uncor.edu\/en\/wp-json\/wp\/v2\/types\/page"}],"author":[{"embeddable":true,"href":"https:\/\/iate.oac.uncor.edu\/en\/wp-json\/wp\/v2\/users\/1"}],"replies":[{"embeddable":true,"href":"https:\/\/iate.oac.uncor.edu\/en\/wp-json\/wp\/v2\/comments?post=67"}],"version-history":[{"count":0,"href":"https:\/\/iate.oac.uncor.edu\/en\/wp-json\/wp\/v2\/pages\/67\/revisions"}],"up":[{"embeddable":true,"href":"https:\/\/iate.oac.uncor.edu\/en\/wp-json\/wp\/v2\/pages\/21"}],"wp:featuredmedia":[{"embeddable":true,"href":"https:\/\/iate.oac.uncor.edu\/en\/wp-json\/wp\/v2\/media\/4677"}],"wp:attachment":[{"href":"https:\/\/iate.oac.uncor.edu\/en\/wp-json\/wp\/v2\/media?parent=67"}],"curies":[{"name":"wp","href":"https:\/\/api.w.org\/{rel}","templated":true}]}}