{"id":71,"date":"2015-07-08T15:25:46","date_gmt":"2015-07-08T15:25:46","guid":{"rendered":"http:\/\/localhost\/wordpress\/?page_id=71"},"modified":"2025-07-29T14:37:00","modified_gmt":"2025-07-29T17:37:00","slug":"sistemas-planetarios","status":"publish","type":"page","link":"https:\/\/iate.oac.uncor.edu\/en\/academicas-2\/investigacion\/sistemas-planetarios\/","title":{"rendered":"Planetary Systems"},"content":{"rendered":"<p><!-- Contenedor general con estilo consistente --><\/p>\n<div style=\"font-size: 12pt; line-height: 1.5; text-align: justify;\">\n<p><img loading=\"lazy\" decoding=\"async\" class=\"alignleft wp-image-2407\" src=\"https:\/\/iate.oac.uncor.edu\/wp-content\/uploads\/2019\/11\/imagen_sistemas_planetarios.jpg\" alt=\"\" width=\"250\" height=\"177\" \/><\/p>\n<p>This research area focuses on examining the formation, evolution, and description of planetary systems, including our very own Solar System and other exoplanets orbiting other stars. The main aim is to understand the diversity of worlds beyond the Earth, the necessary conditions for habitability and all physical processes that originate and shape these systems.<\/p>\n<div style=\"background-color: #003057; color: white; padding: 10px; margin: 10px 0; border-radius: 5px; text-align: justify;\"><strong>Keywords:<\/strong> Planetary Systems \u2013 Resonances \u2013 Planet\u2013disk interaction \u2013 Orbit dynamics \u2013 Artificial Satellites \u2013 Asteroids<\/div>\n<p><strong>Main research topics\/inquiries:<\/strong><\/p>\n<ul>\n<li>Modelling physical processes that lead to the formation of planets from protoplanetary disks and their evolution across time.<\/li>\n<li>Analysing orbit dynamics of artificial satellites.<\/li>\n<li>Analysing processes like planet-disk interaction, tidal forces, resonant configuration and secular dynamics.<\/li>\n<li>Studying the dynamic evolution of planets in binary stellar systems.<\/li>\n<li>Doing tide modelling in multiple N-body systems.<\/li>\n<li>Analysing asteroid families and populations and their collisional evolution.<\/li>\n<\/ul>\n<p><strong>Abilities\/Strengths:<\/strong><\/p>\n<figure id=\"attachment_4673\" aria-describedby=\"caption-attachment-4673\" style=\"width: 300px\" class=\"wp-caption alignright\"><img loading=\"lazy\" decoding=\"async\" class=\"wp-image-4673 size-medium\" style=\"text-align: start;\" src=\"https:\/\/iate.oac.uncor.edu\/wp-content\/uploads\/2025\/07\/STScI-01G7NBD9BKJRTT3G6N8V27QZRM-300x169.png\" alt=\"\" width=\"300\" height=\"169\" srcset=\"https:\/\/iate.oac.uncor.edu\/wp-content\/uploads\/2025\/07\/STScI-01G7NBD9BKJRTT3G6N8V27QZRM-300x169.png 300w, https:\/\/iate.oac.uncor.edu\/wp-content\/uploads\/2025\/07\/STScI-01G7NBD9BKJRTT3G6N8V27QZRM-1024x576.png 1024w, https:\/\/iate.oac.uncor.edu\/wp-content\/uploads\/2025\/07\/STScI-01G7NBD9BKJRTT3G6N8V27QZRM-18x10.png 18w, https:\/\/iate.oac.uncor.edu\/wp-content\/uploads\/2025\/07\/STScI-01G7NBD9BKJRTT3G6N8V27QZRM.png 1280w\" sizes=\"auto, (max-width: 300px) 100vw, 300px\" \/><figcaption id=\"caption-attachment-4673\" class=\"wp-caption-text\">Credits: james Webb Telescope<\/figcaption><\/figure>\n<p>One of the main strengths of this group is the array of studied projects and the diverse methodologies acquired and applied during this process. The team has ample experience and innovative capacity not only in theoretical and\/or numerical methods but also in dynamic and statistical studies.<\/p>\n<\/div>","protected":false},"excerpt":{"rendered":"<p>Esta l\u00ednea de investigaci\u00f3n se centra en el estudio de la formaci\u00f3n, evoluci\u00f3n y caracterizaci\u00f3n de sistemas planetarios, incluyendo nuestro propio Sistema Solar y los exoplanetas que orbitan otras estrellas. El objetivo es comprender la diversidad de mundos m\u00e1s all\u00e1 de la Tierra, las condiciones para la habitabilidad y los&hellip;<\/p>","protected":false},"author":1,"featured_media":4108,"parent":21,"menu_order":4,"comment_status":"closed","ping_status":"open","template":"","meta":{"footnotes":""},"class_list":["post-71","page","type-page","status-publish","has-post-thumbnail","hentry"],"_links":{"self":[{"href":"https:\/\/iate.oac.uncor.edu\/en\/wp-json\/wp\/v2\/pages\/71","targetHints":{"allow":["GET"]}}],"collection":[{"href":"https:\/\/iate.oac.uncor.edu\/en\/wp-json\/wp\/v2\/pages"}],"about":[{"href":"https:\/\/iate.oac.uncor.edu\/en\/wp-json\/wp\/v2\/types\/page"}],"author":[{"embeddable":true,"href":"https:\/\/iate.oac.uncor.edu\/en\/wp-json\/wp\/v2\/users\/1"}],"replies":[{"embeddable":true,"href":"https:\/\/iate.oac.uncor.edu\/en\/wp-json\/wp\/v2\/comments?post=71"}],"version-history":[{"count":0,"href":"https:\/\/iate.oac.uncor.edu\/en\/wp-json\/wp\/v2\/pages\/71\/revisions"}],"up":[{"embeddable":true,"href":"https:\/\/iate.oac.uncor.edu\/en\/wp-json\/wp\/v2\/pages\/21"}],"wp:featuredmedia":[{"embeddable":true,"href":"https:\/\/iate.oac.uncor.edu\/en\/wp-json\/wp\/v2\/media\/4108"}],"wp:attachment":[{"href":"https:\/\/iate.oac.uncor.edu\/en\/wp-json\/wp\/v2\/media?parent=71"}],"curies":[{"name":"wp","href":"https:\/\/api.w.org\/{rel}","templated":true}]}}