{"id":73,"date":"2015-07-08T15:26:01","date_gmt":"2015-07-08T15:26:01","guid":{"rendered":"http:\/\/localhost\/wordpress\/?page_id=73"},"modified":"2025-08-04T13:53:44","modified_gmt":"2025-08-04T16:53:44","slug":"astrofisica-estelar","status":"publish","type":"page","link":"https:\/\/iate.oac.uncor.edu\/en\/academicas-2\/investigacion\/astrofisica-estelar\/","title":{"rendered":"Stellar Astrophysics"},"content":{"rendered":"<div style=\"font-size: 12pt; line-height: 1.5; text-align: justify;\">\n<p><!-- P\u00e1rrafo introductorio --><\/p>\n<p><img loading=\"lazy\" decoding=\"async\" class=\"aligncenter wp-image-4724 size-large\" src=\"https:\/\/iate.oac.uncor.edu\/wp-content\/uploads\/2025\/08\/astro_estelar-1024x564.png\" alt=\"\" width=\"810\" height=\"446\" srcset=\"https:\/\/iate.oac.uncor.edu\/wp-content\/uploads\/2025\/08\/astro_estelar-1024x564.png 1024w, https:\/\/iate.oac.uncor.edu\/wp-content\/uploads\/2025\/08\/astro_estelar-300x165.png 300w, https:\/\/iate.oac.uncor.edu\/wp-content\/uploads\/2025\/08\/astro_estelar-18x10.png 18w, https:\/\/iate.oac.uncor.edu\/wp-content\/uploads\/2025\/08\/astro_estelar.png 1419w\" sizes=\"auto, (max-width: 810px) 100vw, 810px\" \/>The Stellar Astrophysics research area focuses on studying stellar clusters as determiners of structure, formation, chemical evolution, dynamics and kinetics of different components of the Milky Way and the Magellanic Clouds.<\/p>\n<p><!-- Recuadro de palabras clave --><\/p>\n<div style=\"background-color: #003057; color: white; padding: 10px; margin: 10px 0; border-radius: 5px; text-align: justify;\"><strong>Keywords:<\/strong> Stellar formation \u2013 Stellar evolution \u2013 Galaxy: stellar clusters \u2013 Galaxy: Magellanic Clouds - Galaxy: abundance - bulge<\/div>\n<p><!-- T\u00edtulo de secci\u00f3n --><\/p>\n<p><strong>Main research topics\/inquiries:<\/strong><\/p>\n<p><!-- Lista de l\u00edneas de investigaci\u00f3n --><\/p>\n<ul>\n<li>Chemical evolution of the Small Magellanic Clouds across their dynamic history.<\/li>\n<li>Ensambling history of the Magellanic Clouds.<\/li>\n<li>Internal structure of stellar clusters.<\/li>\n<li>Globular clusters of the Galactic Bulge.<\/li>\n<li><em>Follow-up<\/em> Spectroscopic follow-up of the VISCACHA (VIsible Soar photometry of star Clusters in tApii and Coxi HuguA) photometric survey.<\/li>\n<li>Relationship between [Fe\/H] and variability in red giant stars in stellar clusters from the Milky Way.<\/li>\n<\/ul>\n<p><!-- T\u00edtulo de secci\u00f3n --><\/p>\n<p><strong>Abilities\/Strengths:<\/strong><\/p>\n<p><!-- P\u00e1rrafo de fortalezas --><\/p>\n<p>This team has got experience of analysing high-quality photometric and spectroscopic data of single stars and stellar populations collected by large-scale surveys and advanced telescopes.<\/p>\n<\/div>","protected":false},"excerpt":{"rendered":"<p>La l\u00ednea de investigaci\u00f3n en Astrof\u00edsica Estelar est\u00e1 centrada en el estudio de los c\u00famulos estelares como trazadores de la estructura, historia de formaci\u00f3n, evoluci\u00f3n qu\u00edmica, din\u00e1mica y cinem\u00e1tica de las diferentes componentes de la V\u00eda L\u00e1ctea y las Nubes de Magallanes. Keywords: Formaci\u00f3n estelar \u2013 Evoluci\u00f3n estelar \u2013 Galaxias:&hellip;<\/p>","protected":false},"author":1,"featured_media":4675,"parent":21,"menu_order":5,"comment_status":"closed","ping_status":"open","template":"","meta":{"footnotes":""},"class_list":["post-73","page","type-page","status-publish","has-post-thumbnail","hentry"],"_links":{"self":[{"href":"https:\/\/iate.oac.uncor.edu\/en\/wp-json\/wp\/v2\/pages\/73","targetHints":{"allow":["GET"]}}],"collection":[{"href":"https:\/\/iate.oac.uncor.edu\/en\/wp-json\/wp\/v2\/pages"}],"about":[{"href":"https:\/\/iate.oac.uncor.edu\/en\/wp-json\/wp\/v2\/types\/page"}],"author":[{"embeddable":true,"href":"https:\/\/iate.oac.uncor.edu\/en\/wp-json\/wp\/v2\/users\/1"}],"replies":[{"embeddable":true,"href":"https:\/\/iate.oac.uncor.edu\/en\/wp-json\/wp\/v2\/comments?post=73"}],"version-history":[{"count":0,"href":"https:\/\/iate.oac.uncor.edu\/en\/wp-json\/wp\/v2\/pages\/73\/revisions"}],"up":[{"embeddable":true,"href":"https:\/\/iate.oac.uncor.edu\/en\/wp-json\/wp\/v2\/pages\/21"}],"wp:featuredmedia":[{"embeddable":true,"href":"https:\/\/iate.oac.uncor.edu\/en\/wp-json\/wp\/v2\/media\/4675"}],"wp:attachment":[{"href":"https:\/\/iate.oac.uncor.edu\/en\/wp-json\/wp\/v2\/media?parent=73"}],"curies":[{"name":"wp","href":"https:\/\/api.w.org\/{rel}","templated":true}]}}