{"id":901,"date":"2016-05-11T11:55:57","date_gmt":"2016-05-11T14:55:57","guid":{"rendered":"https:\/\/iate.oac.uncor.edu\/?page_id=901"},"modified":"2023-11-27T14:59:47","modified_gmt":"2023-11-27T17:59:47","slug":"alcance-publico","status":"publish","type":"page","link":"https:\/\/iate.oac.uncor.edu\/en\/academicas-2\/alcance-publico\/","title":{"rendered":"PUBLIC OUTREACH"},"content":{"rendered":"<p style=\"text-align: justify;\"><span style=\"font-size: 12pt;\">Here you can find useful material for the scientific community, as well as a collection of articles and other materials that might be of interest to a more general audience.<\/span><\/p>\n<ul>\n<li><span style=\"font-size: 12pt;\"><a href=\"https:\/\/iate.oac.uncor.edu\/en\/academicas-2\/alcance-publico\/codigos\/\">Codes<\/a><\/span><\/li>\n<li><span style=\"font-size: 12pt;\"><a href=\"https:\/\/iate.oac.uncor.edu\/en\/academicas-2\/alcance-publico\/catalogos\/\">Catalogues<\/a><\/span><\/li>\n<li><span style=\"font-size: 12pt;\"><a href=\"https:\/\/iate.oac.uncor.edu\/en\/academicas-2\/alcance-publico\/bibliografia\/\">Bibliography (in Spanish)<\/a><\/span><\/li>\n<\/ul>\n<p>&nbsp;<\/p>","protected":false},"excerpt":{"rendered":"<p>Aqu\u00ed se puede encontrar material \u00fatil para la comunidad cient\u00edfica, como as\u00ed tambi\u00e9n, una colecci\u00f3n de art\u00edculos y otros materiales que podr\u00edan ser de inter\u00e9s para un p\u00fablico m\u00e1s general. C\u00f3digos Cat\u00e1logos Bibliograf\u00eda &nbsp;<\/p>","protected":false},"author":1,"featured_media":0,"parent":52,"menu_order":3,"comment_status":"closed","ping_status":"closed","template":"","meta":{"footnotes":""},"class_list":["post-901","page","type-page","status-publish","hentry"],"_links":{"self":[{"href":"https:\/\/iate.oac.uncor.edu\/en\/wp-json\/wp\/v2\/pages\/901","targetHints":{"allow":["GET"]}}],"collection":[{"href":"https:\/\/iate.oac.uncor.edu\/en\/wp-json\/wp\/v2\/pages"}],"about":[{"href":"https:\/\/iate.oac.uncor.edu\/en\/wp-json\/wp\/v2\/types\/page"}],"author":[{"embeddable":true,"href":"https:\/\/iate.oac.uncor.edu\/en\/wp-json\/wp\/v2\/users\/1"}],"replies":[{"embeddable":true,"href":"https:\/\/iate.oac.uncor.edu\/en\/wp-json\/wp\/v2\/comments?post=901"}],"version-history":[{"count":0,"href":"https:\/\/iate.oac.uncor.edu\/en\/wp-json\/wp\/v2\/pages\/901\/revisions"}],"up":[{"embeddable":true,"href":"https:\/\/iate.oac.uncor.edu\/en\/wp-json\/wp\/v2\/pages\/52"}],"wp:attachment":[{"href":"https:\/\/iate.oac.uncor.edu\/en\/wp-json\/wp\/v2\/media?parent=901"}],"curies":[{"name":"wp","href":"https:\/\/api.w.org\/{rel}","templated":true}]}}